{"id":5716,"date":"2024-12-18T16:17:36","date_gmt":"2024-12-18T15:17:36","guid":{"rendered":"https:\/\/www.corsobori.com\/tienda\/p\/catifa-telaro\/"},"modified":"2024-12-18T16:17:36","modified_gmt":"2024-12-18T15:17:36","slug":"catifa-telaro","status":"publish","type":"product","link":"https:\/\/www.corsobori.com\/ca\/tienda\/p\/catifa-telaro\/","title":{"rendered":"Catifa Telaro de Molteni&#038;C"},"content":{"rendered":"<p>Telaro \u00e9s una elegant catifa de llana semipentinada que destaca pel seu sofisticat motiu geom\u00e8tric i un disseny lineal. La seva superf\u00edcie teixida a m\u00e0 presenta un joc de relleus, resultat d&#8217;una artesania meticulosa a trav\u00e9s de teler. La disposici\u00f3 dels espais, en diverses dimensions i orientacions, conforma una ret\u00edcula contrastant que hi afegeix car\u00e0cter. Aquest producte no nom\u00e9s reflecteix una est\u00e8tica moderna i vers\u00e0til, sin\u00f3 que tamb\u00e9 garanteix durabilitat gr\u00e0cies a la qualitat excepcional que caracteritza Molteni&amp;C. Dissenyada per Marta Ferri, que s&#8217;inspira en la seva rica her\u00e8ncia visual i el seu entorn familiar, Telaro \u00e9s una pe\u00e7a distintiva que fusiona art i funcionalitat al m\u00f3n del mobiliari de luxe.    <\/p>\n","protected":false},"excerpt":{"rendered":"<p>Telaro \u00e9s una elegant catifa de llana semipentinada que destaca pel seu sofisticat motiu geom\u00e8tric i un disseny lineal. La seva superf\u00edcie teixida a m\u00e0 presenta un joc de relleus, resultat d&#8217;una artesania meticulosa a trav\u00e9s de teler. La disposici\u00f3 dels espais, en diverses dimensions i orientacions, conforma una ret\u00edcula contrastant que hi afegeix car\u00e0cter&#8230;.<\/p>\n","protected":false},"featured_media":4730,"comment_status":"open","ping_status":"closed","template":"","meta":{"_acf_changed":false},"product_brand":[],"product_cat":[188,172],"product_tag":[],"class_list":{"0":"post-5716","1":"product","2":"type-product","3":"status-publish","4":"has-post-thumbnail","6":"product_cat-catifes","7":"product_cat-mobles-dinterior","9":"first","10":"instock","11":"sold-individually","12":"shipping-taxable","13":"purchasable","14":"product-type-simple"},"acf":[],"yoast_head":"<!-- This site is optimized with the Yoast SEO plugin v27.2 - https:\/\/yoast.com\/product\/yoast-seo-wordpress\/ -->\n<title>Catifa Telaro de Molteni&amp;C |<\/title>\n<meta name=\"robots\" content=\"index, follow, max-snippet:-1, max-image-preview:large, max-video-preview:-1\" \/>\n<link rel=\"canonical\" href=\"https:\/\/www.corsobori.com\/ca\/tienda\/p\/catifa-telaro\/\" \/>\n<meta property=\"og:locale\" content=\"ca_ES\" \/>\n<meta property=\"og:type\" content=\"article\" \/>\n<meta property=\"og:title\" content=\"Catifa Telaro de Molteni&amp;C |\" \/>\n<meta property=\"og:description\" content=\"Telaro \u00e9s una elegant catifa de llana semipentinada que destaca pel seu sofisticat motiu geom\u00e8tric i un disseny lineal. La seva superf\u00edcie teixida a m\u00e0 presenta un joc de relleus, resultat d&#8217;una artesania meticulosa a trav\u00e9s de teler. La disposici\u00f3 dels espais, en diverses dimensions i orientacions, conforma una ret\u00edcula contrastant que hi afegeix car\u00e0cter....\" \/>\n<meta property=\"og:url\" content=\"https:\/\/www.corsobori.com\/ca\/tienda\/p\/catifa-telaro\/\" \/>\n<meta property=\"og:site_name\" content=\"corsobori.com\" \/>\n<meta property=\"og:image\" content=\"https:\/\/www.corsobori.com\/wp-content\/uploads\/2024\/12\/4_3_telaro_NEW.jpg\" \/>\n\t<meta property=\"og:image:width\" content=\"1440\" \/>\n\t<meta property=\"og:image:height\" content=\"1080\" \/>\n\t<meta property=\"og:image:type\" content=\"image\/jpeg\" \/>\n<meta name=\"twitter:card\" content=\"summary_large_image\" \/>\n<meta name=\"twitter:label1\" content=\"Temps estimat de lectura\" \/>\n\t<meta name=\"twitter:data1\" content=\"1 minut\" \/>\n<!-- \/ Yoast SEO plugin. -->","yoast_head_json":{"title":"Catifa Telaro de Molteni&C |","robots":{"index":"index","follow":"follow","max-snippet":"max-snippet:-1","max-image-preview":"max-image-preview:large","max-video-preview":"max-video-preview:-1"},"canonical":"https:\/\/www.corsobori.com\/ca\/tienda\/p\/catifa-telaro\/","og_locale":"ca_ES","og_type":"article","og_title":"Catifa Telaro de Molteni&C |","og_description":"Telaro \u00e9s una elegant catifa de llana semipentinada que destaca pel seu sofisticat motiu geom\u00e8tric i un disseny lineal. La seva superf\u00edcie teixida a m\u00e0 presenta un joc de relleus, resultat d&#8217;una artesania meticulosa a trav\u00e9s de teler. La disposici\u00f3 dels espais, en diverses dimensions i orientacions, conforma una ret\u00edcula contrastant que hi afegeix car\u00e0cter....","og_url":"https:\/\/www.corsobori.com\/ca\/tienda\/p\/catifa-telaro\/","og_site_name":"corsobori.com","og_image":[{"width":1440,"height":1080,"url":"https:\/\/www.corsobori.com\/wp-content\/uploads\/2024\/12\/4_3_telaro_NEW.jpg","type":"image\/jpeg"}],"twitter_card":"summary_large_image","twitter_misc":{"Temps estimat de lectura":"1 minut"},"schema":{"@context":"https:\/\/schema.org","@graph":[{"@type":"WebPage","@id":"https:\/\/www.corsobori.com\/ca\/tienda\/p\/catifa-telaro\/","url":"https:\/\/www.corsobori.com\/ca\/tienda\/p\/catifa-telaro\/","name":"Catifa Telaro de Molteni&C |","isPartOf":{"@id":"https:\/\/www.corsobori.com\/ca\/#website"},"primaryImageOfPage":{"@id":"https:\/\/www.corsobori.com\/ca\/tienda\/p\/catifa-telaro\/#primaryimage"},"image":{"@id":"https:\/\/www.corsobori.com\/ca\/tienda\/p\/catifa-telaro\/#primaryimage"},"thumbnailUrl":"https:\/\/www.corsobori.com\/wp-content\/uploads\/2024\/12\/4_3_telaro_NEW.jpg","datePublished":"2024-12-18T15:17:36+00:00","breadcrumb":{"@id":"https:\/\/www.corsobori.com\/ca\/tienda\/p\/catifa-telaro\/#breadcrumb"},"inLanguage":"ca","potentialAction":[{"@type":"ReadAction","target":["https:\/\/www.corsobori.com\/ca\/tienda\/p\/catifa-telaro\/"]}]},{"@type":"ImageObject","inLanguage":"ca","@id":"https:\/\/www.corsobori.com\/ca\/tienda\/p\/catifa-telaro\/#primaryimage","url":"https:\/\/www.corsobori.com\/wp-content\/uploads\/2024\/12\/4_3_telaro_NEW.jpg","contentUrl":"https:\/\/www.corsobori.com\/wp-content\/uploads\/2024\/12\/4_3_telaro_NEW.jpg","width":1440,"height":1080},{"@type":"BreadcrumbList","@id":"https:\/\/www.corsobori.com\/ca\/tienda\/p\/catifa-telaro\/#breadcrumb","itemListElement":[{"@type":"ListItem","position":1,"name":"Portada","item":"https:\/\/www.corsobori.com\/ca\/inici\/"},{"@type":"ListItem","position":2,"name":"Botiga","item":"https:\/\/www.corsobori.com\/ca\/botiga\/"},{"@type":"ListItem","position":3,"name":"Catifa Telaro"}]},{"@type":"WebSite","@id":"https:\/\/www.corsobori.com\/ca\/#website","url":"https:\/\/www.corsobori.com\/ca\/","name":"Corsobori","description":"","publisher":{"@id":"https:\/\/www.corsobori.com\/ca\/#organization"},"potentialAction":[{"@type":"SearchAction","target":{"@type":"EntryPoint","urlTemplate":"https:\/\/www.corsobori.com\/ca\/?s={search_term_string}"},"query-input":{"@type":"PropertyValueSpecification","valueRequired":true,"valueName":"search_term_string"}}],"inLanguage":"ca"},{"@type":"Organization","@id":"https:\/\/www.corsobori.com\/ca\/#organization","name":"Corsobori","url":"https:\/\/www.corsobori.com\/ca\/","logo":{"@type":"ImageObject","inLanguage":"ca","@id":"https:\/\/www.corsobori.com\/ca\/#\/schema\/logo\/image\/","url":"https:\/\/www.corsobori.com\/wp-content\/uploads\/2024\/08\/logo-corsobori.png","contentUrl":"https:\/\/www.corsobori.com\/wp-content\/uploads\/2024\/08\/logo-corsobori.png","width":1210,"height":146,"caption":"Corsobori"},"image":{"@id":"https:\/\/www.corsobori.com\/ca\/#\/schema\/logo\/image\/"}}]}},"_links":{"self":[{"href":"https:\/\/www.corsobori.com\/ca\/wp-json\/wp\/v2\/product\/5716","targetHints":{"allow":["GET"]}}],"collection":[{"href":"https:\/\/www.corsobori.com\/ca\/wp-json\/wp\/v2\/product"}],"about":[{"href":"https:\/\/www.corsobori.com\/ca\/wp-json\/wp\/v2\/types\/product"}],"replies":[{"embeddable":true,"href":"https:\/\/www.corsobori.com\/ca\/wp-json\/wp\/v2\/comments?post=5716"}],"wp:featuredmedia":[{"embeddable":true,"href":"https:\/\/www.corsobori.com\/ca\/wp-json\/wp\/v2\/media\/4730"}],"wp:attachment":[{"href":"https:\/\/www.corsobori.com\/ca\/wp-json\/wp\/v2\/media?parent=5716"}],"wp:term":[{"taxonomy":"product_brand","embeddable":true,"href":"https:\/\/www.corsobori.com\/ca\/wp-json\/wp\/v2\/product_brand?post=5716"},{"taxonomy":"product_cat","embeddable":true,"href":"https:\/\/www.corsobori.com\/ca\/wp-json\/wp\/v2\/product_cat?post=5716"},{"taxonomy":"product_tag","embeddable":true,"href":"https:\/\/www.corsobori.com\/ca\/wp-json\/wp\/v2\/product_tag?post=5716"}],"curies":[{"name":"wp","href":"https:\/\/api.w.org\/{rel}","templated":true}]}}