{"id":5715,"date":"2024-12-18T16:17:39","date_gmt":"2024-12-18T15:17:39","guid":{"rendered":"https:\/\/www.corsobori.com\/tienda\/p\/armari-gliss-master-quick\/"},"modified":"2024-12-18T16:17:39","modified_gmt":"2024-12-18T15:17:39","slug":"armari-gliss-master-quick","status":"publish","type":"product","link":"https:\/\/www.corsobori.com\/ca\/tienda\/p\/armari-gliss-master-quick\/","title":{"rendered":"Armari Gliss Master &#8211; Quick de Molteni&#038;C"},"content":{"rendered":"<p>El sistema d&#8217;armaris s&#8217;amplia amb una nova gamma de portes anomenada Quick. Dissenyat per Vincent Van Duysen, arquitecte belga amb llic\u00e8ncia de l&#8217;Institut Superior d&#8217;Arquitectura Sint-Lucas, el seu estudi a Anvers es dedica a la sinergia entre arquitectura i interiorisme. Van Duysen integra mobles i complements des d\u00b4una perspectiva arquitect\u00f2nica, considerant l\u00b4espai interior i la seva relaci\u00f3 amb l\u00b4exterior. Els seus dissenys destaquen per la seva puresa i essencialitat, mantenint un car\u00e0cter s\u00f2lid i formal. Aquesta nova col\u00b7lecci\u00f3 promet enriquir l&#8217;oferta del Grup Molteni, alineant-se amb el comprom\u00eds amb la innovaci\u00f3 i l&#8217;est\u00e8tica en el mobiliari de luxe.    <\/p>\n","protected":false},"excerpt":{"rendered":"<p>El sistema d&#8217;armaris s&#8217;amplia amb una nova gamma de portes anomenada Quick. Dissenyat per Vincent Van Duysen, arquitecte belga amb llic\u00e8ncia de l&#8217;Institut Superior d&#8217;Arquitectura Sint-Lucas, el seu estudi a Anvers es dedica a la sinergia entre arquitectura i interiorisme. Van Duysen integra mobles i complements des d\u00b4una perspectiva arquitect\u00f2nica, considerant l\u00b4espai interior i la&#8230;<\/p>\n","protected":false},"featured_media":4102,"comment_status":"open","ping_status":"closed","template":"","meta":{"_acf_changed":false},"product_brand":[],"product_cat":[195,172],"product_tag":[],"class_list":{"0":"post-5715","1":"product","2":"type-product","3":"status-publish","4":"has-post-thumbnail","6":"product_cat-armaris","7":"product_cat-mobles-dinterior","9":"first","10":"instock","11":"sold-individually","12":"shipping-taxable","13":"purchasable","14":"product-type-simple"},"acf":[],"yoast_head":"<!-- This site is optimized with the Yoast SEO plugin v27.2 - https:\/\/yoast.com\/product\/yoast-seo-wordpress\/ -->\n<title>Armari Gliss Master - Quick de Molteni&amp;C | Corsobori<\/title>\n<meta name=\"robots\" content=\"index, follow, max-snippet:-1, max-image-preview:large, max-video-preview:-1\" \/>\n<link rel=\"canonical\" href=\"https:\/\/www.corsobori.com\/ca\/tienda\/p\/armari-gliss-master-quick\/\" \/>\n<meta property=\"og:locale\" content=\"ca_ES\" \/>\n<meta property=\"og:type\" content=\"article\" \/>\n<meta property=\"og:title\" content=\"Armari Gliss Master - Quick de Molteni&amp;C | Corsobori\" \/>\n<meta property=\"og:description\" content=\"El sistema d&#8217;armaris s&#8217;amplia amb una nova gamma de portes anomenada Quick. Dissenyat per Vincent Van Duysen, arquitecte belga amb llic\u00e8ncia de l&#8217;Institut Superior d&#8217;Arquitectura Sint-Lucas, el seu estudi a Anvers es dedica a la sinergia entre arquitectura i interiorisme. Van Duysen integra mobles i complements des d\u00b4una perspectiva arquitect\u00f2nica, considerant l\u00b4espai interior i la...\" \/>\n<meta property=\"og:url\" content=\"https:\/\/www.corsobori.com\/ca\/tienda\/p\/armari-gliss-master-quick\/\" \/>\n<meta property=\"og:site_name\" content=\"corsobori.com\" \/>\n<meta property=\"og:image\" content=\"https:\/\/www.corsobori.com\/wp-content\/uploads\/2024\/12\/gliss5_549_HR.jpg\" \/>\n\t<meta property=\"og:image:width\" content=\"2480\" \/>\n\t<meta property=\"og:image:height\" content=\"1653\" \/>\n\t<meta property=\"og:image:type\" content=\"image\/jpeg\" \/>\n<meta name=\"twitter:card\" content=\"summary_large_image\" \/>\n<meta name=\"twitter:label1\" content=\"Temps estimat de lectura\" \/>\n\t<meta name=\"twitter:data1\" content=\"1 minut\" \/>\n<!-- \/ Yoast SEO plugin. -->","yoast_head_json":{"title":"Armari Gliss Master - Quick de Molteni&C | Corsobori","robots":{"index":"index","follow":"follow","max-snippet":"max-snippet:-1","max-image-preview":"max-image-preview:large","max-video-preview":"max-video-preview:-1"},"canonical":"https:\/\/www.corsobori.com\/ca\/tienda\/p\/armari-gliss-master-quick\/","og_locale":"ca_ES","og_type":"article","og_title":"Armari Gliss Master - Quick de Molteni&C | Corsobori","og_description":"El sistema d&#8217;armaris s&#8217;amplia amb una nova gamma de portes anomenada Quick. Dissenyat per Vincent Van Duysen, arquitecte belga amb llic\u00e8ncia de l&#8217;Institut Superior d&#8217;Arquitectura Sint-Lucas, el seu estudi a Anvers es dedica a la sinergia entre arquitectura i interiorisme. Van Duysen integra mobles i complements des d\u00b4una perspectiva arquitect\u00f2nica, considerant l\u00b4espai interior i la...","og_url":"https:\/\/www.corsobori.com\/ca\/tienda\/p\/armari-gliss-master-quick\/","og_site_name":"corsobori.com","og_image":[{"width":2480,"height":1653,"url":"https:\/\/www.corsobori.com\/wp-content\/uploads\/2024\/12\/gliss5_549_HR.jpg","type":"image\/jpeg"}],"twitter_card":"summary_large_image","twitter_misc":{"Temps estimat de lectura":"1 minut"},"schema":{"@context":"https:\/\/schema.org","@graph":[{"@type":"WebPage","@id":"https:\/\/www.corsobori.com\/ca\/tienda\/p\/armari-gliss-master-quick\/","url":"https:\/\/www.corsobori.com\/ca\/tienda\/p\/armari-gliss-master-quick\/","name":"Armari Gliss Master - Quick de Molteni&C | Corsobori","isPartOf":{"@id":"https:\/\/www.corsobori.com\/ca\/#website"},"primaryImageOfPage":{"@id":"https:\/\/www.corsobori.com\/ca\/tienda\/p\/armari-gliss-master-quick\/#primaryimage"},"image":{"@id":"https:\/\/www.corsobori.com\/ca\/tienda\/p\/armari-gliss-master-quick\/#primaryimage"},"thumbnailUrl":"https:\/\/www.corsobori.com\/wp-content\/uploads\/2024\/12\/gliss5_549_HR.jpg","datePublished":"2024-12-18T15:17:39+00:00","breadcrumb":{"@id":"https:\/\/www.corsobori.com\/ca\/tienda\/p\/armari-gliss-master-quick\/#breadcrumb"},"inLanguage":"ca","potentialAction":[{"@type":"ReadAction","target":["https:\/\/www.corsobori.com\/ca\/tienda\/p\/armari-gliss-master-quick\/"]}]},{"@type":"ImageObject","inLanguage":"ca","@id":"https:\/\/www.corsobori.com\/ca\/tienda\/p\/armari-gliss-master-quick\/#primaryimage","url":"https:\/\/www.corsobori.com\/wp-content\/uploads\/2024\/12\/gliss5_549_HR.jpg","contentUrl":"https:\/\/www.corsobori.com\/wp-content\/uploads\/2024\/12\/gliss5_549_HR.jpg","width":2480,"height":1653},{"@type":"BreadcrumbList","@id":"https:\/\/www.corsobori.com\/ca\/tienda\/p\/armari-gliss-master-quick\/#breadcrumb","itemListElement":[{"@type":"ListItem","position":1,"name":"Portada","item":"https:\/\/www.corsobori.com\/ca\/inici\/"},{"@type":"ListItem","position":2,"name":"Botiga","item":"https:\/\/www.corsobori.com\/ca\/botiga\/"},{"@type":"ListItem","position":3,"name":"Armari Gliss Master &#8211; Quick"}]},{"@type":"WebSite","@id":"https:\/\/www.corsobori.com\/ca\/#website","url":"https:\/\/www.corsobori.com\/ca\/","name":"Corsobori","description":"","publisher":{"@id":"https:\/\/www.corsobori.com\/ca\/#organization"},"potentialAction":[{"@type":"SearchAction","target":{"@type":"EntryPoint","urlTemplate":"https:\/\/www.corsobori.com\/ca\/?s={search_term_string}"},"query-input":{"@type":"PropertyValueSpecification","valueRequired":true,"valueName":"search_term_string"}}],"inLanguage":"ca"},{"@type":"Organization","@id":"https:\/\/www.corsobori.com\/ca\/#organization","name":"Corsobori","url":"https:\/\/www.corsobori.com\/ca\/","logo":{"@type":"ImageObject","inLanguage":"ca","@id":"https:\/\/www.corsobori.com\/ca\/#\/schema\/logo\/image\/","url":"https:\/\/www.corsobori.com\/wp-content\/uploads\/2024\/08\/logo-corsobori.png","contentUrl":"https:\/\/www.corsobori.com\/wp-content\/uploads\/2024\/08\/logo-corsobori.png","width":1210,"height":146,"caption":"Corsobori"},"image":{"@id":"https:\/\/www.corsobori.com\/ca\/#\/schema\/logo\/image\/"}}]}},"_links":{"self":[{"href":"https:\/\/www.corsobori.com\/ca\/wp-json\/wp\/v2\/product\/5715","targetHints":{"allow":["GET"]}}],"collection":[{"href":"https:\/\/www.corsobori.com\/ca\/wp-json\/wp\/v2\/product"}],"about":[{"href":"https:\/\/www.corsobori.com\/ca\/wp-json\/wp\/v2\/types\/product"}],"replies":[{"embeddable":true,"href":"https:\/\/www.corsobori.com\/ca\/wp-json\/wp\/v2\/comments?post=5715"}],"wp:featuredmedia":[{"embeddable":true,"href":"https:\/\/www.corsobori.com\/ca\/wp-json\/wp\/v2\/media\/4102"}],"wp:attachment":[{"href":"https:\/\/www.corsobori.com\/ca\/wp-json\/wp\/v2\/media?parent=5715"}],"wp:term":[{"taxonomy":"product_brand","embeddable":true,"href":"https:\/\/www.corsobori.com\/ca\/wp-json\/wp\/v2\/product_brand?post=5715"},{"taxonomy":"product_cat","embeddable":true,"href":"https:\/\/www.corsobori.com\/ca\/wp-json\/wp\/v2\/product_cat?post=5715"},{"taxonomy":"product_tag","embeddable":true,"href":"https:\/\/www.corsobori.com\/ca\/wp-json\/wp\/v2\/product_tag?post=5715"}],"curies":[{"name":"wp","href":"https:\/\/api.w.org\/{rel}","templated":true}]}}