{"id":5706,"date":"2024-12-18T16:17:40","date_gmt":"2024-12-18T15:17:40","guid":{"rendered":"https:\/\/www.corsobori.com\/tienda\/p\/armari-gliss-master-find-me\/"},"modified":"2024-12-18T16:17:40","modified_gmt":"2024-12-18T15:17:40","slug":"armari-gliss-master-find-me","status":"publish","type":"product","link":"https:\/\/www.corsobori.com\/ca\/tienda\/p\/armari-gliss-master-find-me\/","title":{"rendered":"Armari Gliss Master-Find Me de Molteni&#038;C"},"content":{"rendered":"<p>El 2021 es presenta Find-me, una porta de nou concepte que combina simplicitat i sofisticaci\u00f3. Destaca pel seu perfil tirador discret i s&#8217;integra de manera innovadora a totes les solucions de nit de la gamma Gliss Master, a m\u00e9s d&#8217;oferir diverses opcions mat\u00e8riques de Molteni&amp;C. Dissenyada per Vincent Van Duysen, arquitecte i dissenyador belga, Find-me reflecteix el seu enfocament arquitect\u00f2nic, on el mobiliari es concep en una interacci\u00f3 harm\u00f2nica amb l&#8217;espai interior i la relaci\u00f3 amb l&#8217;arquitectura exterior. Aquest producte refor\u00e7a la proposta d\u02bbeleg\u00e0ncia i funcionalitat que caracteritza la signatura Molteni.   <\/p>\n","protected":false},"excerpt":{"rendered":"<p>El 2021 es presenta Find-me, una porta de nou concepte que combina simplicitat i sofisticaci\u00f3. Destaca pel seu perfil tirador discret i s&#8217;integra de manera innovadora a totes les solucions de nit de la gamma Gliss Master, a m\u00e9s d&#8217;oferir diverses opcions mat\u00e8riques de Molteni&amp;C. Dissenyada per Vincent Van Duysen, arquitecte i dissenyador belga, Find-me&#8230;<\/p>\n","protected":false},"featured_media":4126,"comment_status":"open","ping_status":"closed","template":"","meta":{"_acf_changed":false},"product_brand":[],"product_cat":[195,172],"product_tag":[],"class_list":{"0":"post-5706","1":"product","2":"type-product","3":"status-publish","4":"has-post-thumbnail","6":"product_cat-armaris","7":"product_cat-mobles-dinterior","9":"first","10":"instock","11":"sold-individually","12":"shipping-taxable","13":"purchasable","14":"product-type-simple"},"acf":[],"yoast_head":"<!-- This site is optimized with the Yoast SEO plugin v27.2 - https:\/\/yoast.com\/product\/yoast-seo-wordpress\/ -->\n<title>Armari Gliss Master-Find Me de Molteni&amp;C | Corsobori<\/title>\n<meta name=\"robots\" content=\"index, follow, max-snippet:-1, max-image-preview:large, max-video-preview:-1\" \/>\n<link rel=\"canonical\" href=\"https:\/\/www.corsobori.com\/ca\/tienda\/p\/armari-gliss-master-find-me\/\" \/>\n<meta property=\"og:locale\" content=\"ca_ES\" \/>\n<meta property=\"og:type\" content=\"article\" \/>\n<meta property=\"og:title\" content=\"Armari Gliss Master-Find Me de Molteni&amp;C | Corsobori\" \/>\n<meta property=\"og:description\" content=\"El 2021 es presenta Find-me, una porta de nou concepte que combina simplicitat i sofisticaci\u00f3. Destaca pel seu perfil tirador discret i s&#8217;integra de manera innovadora a totes les solucions de nit de la gamma Gliss Master, a m\u00e9s d&#8217;oferir diverses opcions mat\u00e8riques de Molteni&amp;C. Dissenyada per Vincent Van Duysen, arquitecte i dissenyador belga, Find-me...\" \/>\n<meta property=\"og:url\" content=\"https:\/\/www.corsobori.com\/ca\/tienda\/p\/armari-gliss-master-find-me\/\" \/>\n<meta property=\"og:site_name\" content=\"corsobori.com\" \/>\n<meta property=\"og:image\" content=\"https:\/\/www.corsobori.com\/wp-content\/uploads\/2024\/12\/4_3_glissmaster_find-me.jpg\" \/>\n\t<meta property=\"og:image:width\" content=\"1440\" \/>\n\t<meta property=\"og:image:height\" content=\"1080\" \/>\n\t<meta property=\"og:image:type\" content=\"image\/jpeg\" \/>\n<meta name=\"twitter:card\" content=\"summary_large_image\" \/>\n<!-- \/ Yoast SEO plugin. -->","yoast_head_json":{"title":"Armari Gliss Master-Find Me de Molteni&C | Corsobori","robots":{"index":"index","follow":"follow","max-snippet":"max-snippet:-1","max-image-preview":"max-image-preview:large","max-video-preview":"max-video-preview:-1"},"canonical":"https:\/\/www.corsobori.com\/ca\/tienda\/p\/armari-gliss-master-find-me\/","og_locale":"ca_ES","og_type":"article","og_title":"Armari Gliss Master-Find Me de Molteni&C | Corsobori","og_description":"El 2021 es presenta Find-me, una porta de nou concepte que combina simplicitat i sofisticaci\u00f3. Destaca pel seu perfil tirador discret i s&#8217;integra de manera innovadora a totes les solucions de nit de la gamma Gliss Master, a m\u00e9s d&#8217;oferir diverses opcions mat\u00e8riques de Molteni&amp;C. Dissenyada per Vincent Van Duysen, arquitecte i dissenyador belga, Find-me...","og_url":"https:\/\/www.corsobori.com\/ca\/tienda\/p\/armari-gliss-master-find-me\/","og_site_name":"corsobori.com","og_image":[{"width":1440,"height":1080,"url":"https:\/\/www.corsobori.com\/wp-content\/uploads\/2024\/12\/4_3_glissmaster_find-me.jpg","type":"image\/jpeg"}],"twitter_card":"summary_large_image","schema":{"@context":"https:\/\/schema.org","@graph":[{"@type":"WebPage","@id":"https:\/\/www.corsobori.com\/ca\/tienda\/p\/armari-gliss-master-find-me\/","url":"https:\/\/www.corsobori.com\/ca\/tienda\/p\/armari-gliss-master-find-me\/","name":"Armari Gliss Master-Find Me de Molteni&C | Corsobori","isPartOf":{"@id":"https:\/\/www.corsobori.com\/ca\/#website"},"primaryImageOfPage":{"@id":"https:\/\/www.corsobori.com\/ca\/tienda\/p\/armari-gliss-master-find-me\/#primaryimage"},"image":{"@id":"https:\/\/www.corsobori.com\/ca\/tienda\/p\/armari-gliss-master-find-me\/#primaryimage"},"thumbnailUrl":"https:\/\/www.corsobori.com\/wp-content\/uploads\/2024\/12\/4_3_glissmaster_find-me.jpg","datePublished":"2024-12-18T15:17:40+00:00","breadcrumb":{"@id":"https:\/\/www.corsobori.com\/ca\/tienda\/p\/armari-gliss-master-find-me\/#breadcrumb"},"inLanguage":"ca","potentialAction":[{"@type":"ReadAction","target":["https:\/\/www.corsobori.com\/ca\/tienda\/p\/armari-gliss-master-find-me\/"]}]},{"@type":"ImageObject","inLanguage":"ca","@id":"https:\/\/www.corsobori.com\/ca\/tienda\/p\/armari-gliss-master-find-me\/#primaryimage","url":"https:\/\/www.corsobori.com\/wp-content\/uploads\/2024\/12\/4_3_glissmaster_find-me.jpg","contentUrl":"https:\/\/www.corsobori.com\/wp-content\/uploads\/2024\/12\/4_3_glissmaster_find-me.jpg","width":1440,"height":1080},{"@type":"BreadcrumbList","@id":"https:\/\/www.corsobori.com\/ca\/tienda\/p\/armari-gliss-master-find-me\/#breadcrumb","itemListElement":[{"@type":"ListItem","position":1,"name":"Portada","item":"https:\/\/www.corsobori.com\/ca\/inici\/"},{"@type":"ListItem","position":2,"name":"Botiga","item":"https:\/\/www.corsobori.com\/ca\/botiga\/"},{"@type":"ListItem","position":3,"name":"Armari Gliss Master-Find Me"}]},{"@type":"WebSite","@id":"https:\/\/www.corsobori.com\/ca\/#website","url":"https:\/\/www.corsobori.com\/ca\/","name":"Corsobori","description":"","publisher":{"@id":"https:\/\/www.corsobori.com\/ca\/#organization"},"potentialAction":[{"@type":"SearchAction","target":{"@type":"EntryPoint","urlTemplate":"https:\/\/www.corsobori.com\/ca\/?s={search_term_string}"},"query-input":{"@type":"PropertyValueSpecification","valueRequired":true,"valueName":"search_term_string"}}],"inLanguage":"ca"},{"@type":"Organization","@id":"https:\/\/www.corsobori.com\/ca\/#organization","name":"Corsobori","url":"https:\/\/www.corsobori.com\/ca\/","logo":{"@type":"ImageObject","inLanguage":"ca","@id":"https:\/\/www.corsobori.com\/ca\/#\/schema\/logo\/image\/","url":"https:\/\/www.corsobori.com\/wp-content\/uploads\/2024\/08\/logo-corsobori.png","contentUrl":"https:\/\/www.corsobori.com\/wp-content\/uploads\/2024\/08\/logo-corsobori.png","width":1210,"height":146,"caption":"Corsobori"},"image":{"@id":"https:\/\/www.corsobori.com\/ca\/#\/schema\/logo\/image\/"}}]}},"_links":{"self":[{"href":"https:\/\/www.corsobori.com\/ca\/wp-json\/wp\/v2\/product\/5706","targetHints":{"allow":["GET"]}}],"collection":[{"href":"https:\/\/www.corsobori.com\/ca\/wp-json\/wp\/v2\/product"}],"about":[{"href":"https:\/\/www.corsobori.com\/ca\/wp-json\/wp\/v2\/types\/product"}],"replies":[{"embeddable":true,"href":"https:\/\/www.corsobori.com\/ca\/wp-json\/wp\/v2\/comments?post=5706"}],"wp:featuredmedia":[{"embeddable":true,"href":"https:\/\/www.corsobori.com\/ca\/wp-json\/wp\/v2\/media\/4126"}],"wp:attachment":[{"href":"https:\/\/www.corsobori.com\/ca\/wp-json\/wp\/v2\/media?parent=5706"}],"wp:term":[{"taxonomy":"product_brand","embeddable":true,"href":"https:\/\/www.corsobori.com\/ca\/wp-json\/wp\/v2\/product_brand?post=5706"},{"taxonomy":"product_cat","embeddable":true,"href":"https:\/\/www.corsobori.com\/ca\/wp-json\/wp\/v2\/product_cat?post=5706"},{"taxonomy":"product_tag","embeddable":true,"href":"https:\/\/www.corsobori.com\/ca\/wp-json\/wp\/v2\/product_tag?post=5706"}],"curies":[{"name":"wp","href":"https:\/\/api.w.org\/{rel}","templated":true}]}}