{"id":5705,"date":"2024-12-18T16:17:40","date_gmt":"2024-12-18T15:17:40","guid":{"rendered":"https:\/\/www.corsobori.com\/tienda\/p\/armari-gliss-master-glass\/"},"modified":"2024-12-18T16:17:40","modified_gmt":"2024-12-18T15:17:40","slug":"armari-gliss-master-glass","status":"publish","type":"product","link":"https:\/\/www.corsobori.com\/ca\/tienda\/p\/armari-gliss-master-glass\/","title":{"rendered":"Armari Gliss Master-Glass de Molteni&#038;C"},"content":{"rendered":"<p>Les portes GLASS de Molteni destaquen per les seves frontisses encastades de 180\u00b0, oferint un disseny exclusiu i funcionalitat avan\u00e7ada. Incorporen mecanismes de lliscament, solapats i coplanars amb un innovador sistema d&#8217;amortidors magn\u00e8tics que optimitza l&#8217;obertura i el tancament, reduint l&#8217;esfor\u00e7 i eliminant sorolls. Entre les novetats, hi ha el porta-camises extra\u00efble, calaixos i safates per a m\u00e9s organitzaci\u00f3, juntament amb prestatges sabaters i accessoris en eco pell rob\u00ed i gris. A m\u00e9s, inclouen un modern sistema de llum LED. Creat pel conegut arquitecte Vincent Van Duysen, aquest producte combina puresa est\u00e8tica amb funcionalitat pr\u00e0ctica, reflectint una profunda relaci\u00f3 entre l&#8217;arquitectura i l&#8217;interiorisme.    <\/p>\n","protected":false},"excerpt":{"rendered":"<p>Les portes GLASS de Molteni destaquen per les seves frontisses encastades de 180\u00b0, oferint un disseny exclusiu i funcionalitat avan\u00e7ada. Incorporen mecanismes de lliscament, solapats i coplanars amb un innovador sistema d&#8217;amortidors magn\u00e8tics que optimitza l&#8217;obertura i el tancament, reduint l&#8217;esfor\u00e7 i eliminant sorolls. Entre les novetats, hi ha el porta-camises extra\u00efble, calaixos i safates&#8230;<\/p>\n","protected":false},"featured_media":4134,"comment_status":"open","ping_status":"closed","template":"","meta":{"_acf_changed":false},"product_brand":[],"product_cat":[195,172],"product_tag":[],"class_list":{"0":"post-5705","1":"product","2":"type-product","3":"status-publish","4":"has-post-thumbnail","6":"product_cat-armaris","7":"product_cat-mobles-dinterior","9":"first","10":"instock","11":"sold-individually","12":"shipping-taxable","13":"purchasable","14":"product-type-simple"},"acf":[],"yoast_head":"<!-- This site is optimized with the Yoast SEO plugin v27.2 - https:\/\/yoast.com\/product\/yoast-seo-wordpress\/ -->\n<title>Armari Gliss Master-Glass de Molteni&amp;C |<\/title>\n<meta name=\"robots\" content=\"index, follow, max-snippet:-1, max-image-preview:large, max-video-preview:-1\" \/>\n<link rel=\"canonical\" href=\"https:\/\/www.corsobori.com\/ca\/tienda\/p\/armari-gliss-master-glass\/\" \/>\n<meta property=\"og:locale\" content=\"ca_ES\" \/>\n<meta property=\"og:type\" content=\"article\" \/>\n<meta property=\"og:title\" content=\"Armari Gliss Master-Glass de Molteni&amp;C |\" \/>\n<meta property=\"og:description\" content=\"Les portes GLASS de Molteni destaquen per les seves frontisses encastades de 180\u00b0, oferint un disseny exclusiu i funcionalitat avan\u00e7ada. Incorporen mecanismes de lliscament, solapats i coplanars amb un innovador sistema d&#8217;amortidors magn\u00e8tics que optimitza l&#8217;obertura i el tancament, reduint l&#8217;esfor\u00e7 i eliminant sorolls. Entre les novetats, hi ha el porta-camises extra\u00efble, calaixos i safates...\" \/>\n<meta property=\"og:url\" content=\"https:\/\/www.corsobori.com\/ca\/tienda\/p\/armari-gliss-master-glass\/\" \/>\n<meta property=\"og:site_name\" content=\"corsobori.com\" \/>\n<meta property=\"og:image\" content=\"https:\/\/www.corsobori.com\/wp-content\/uploads\/2024\/12\/4_3_Gliss-Master-GlassDoor_01.jpg\" \/>\n\t<meta property=\"og:image:width\" content=\"1440\" \/>\n\t<meta property=\"og:image:height\" content=\"1080\" \/>\n\t<meta property=\"og:image:type\" content=\"image\/jpeg\" \/>\n<meta name=\"twitter:card\" content=\"summary_large_image\" \/>\n<meta name=\"twitter:label1\" content=\"Temps estimat de lectura\" \/>\n\t<meta name=\"twitter:data1\" content=\"1 minut\" \/>\n<!-- \/ Yoast SEO plugin. -->","yoast_head_json":{"title":"Armari Gliss Master-Glass de Molteni&C |","robots":{"index":"index","follow":"follow","max-snippet":"max-snippet:-1","max-image-preview":"max-image-preview:large","max-video-preview":"max-video-preview:-1"},"canonical":"https:\/\/www.corsobori.com\/ca\/tienda\/p\/armari-gliss-master-glass\/","og_locale":"ca_ES","og_type":"article","og_title":"Armari Gliss Master-Glass de Molteni&C |","og_description":"Les portes GLASS de Molteni destaquen per les seves frontisses encastades de 180\u00b0, oferint un disseny exclusiu i funcionalitat avan\u00e7ada. Incorporen mecanismes de lliscament, solapats i coplanars amb un innovador sistema d&#8217;amortidors magn\u00e8tics que optimitza l&#8217;obertura i el tancament, reduint l&#8217;esfor\u00e7 i eliminant sorolls. Entre les novetats, hi ha el porta-camises extra\u00efble, calaixos i safates...","og_url":"https:\/\/www.corsobori.com\/ca\/tienda\/p\/armari-gliss-master-glass\/","og_site_name":"corsobori.com","og_image":[{"width":1440,"height":1080,"url":"https:\/\/www.corsobori.com\/wp-content\/uploads\/2024\/12\/4_3_Gliss-Master-GlassDoor_01.jpg","type":"image\/jpeg"}],"twitter_card":"summary_large_image","twitter_misc":{"Temps estimat de lectura":"1 minut"},"schema":{"@context":"https:\/\/schema.org","@graph":[{"@type":"WebPage","@id":"https:\/\/www.corsobori.com\/ca\/tienda\/p\/armari-gliss-master-glass\/","url":"https:\/\/www.corsobori.com\/ca\/tienda\/p\/armari-gliss-master-glass\/","name":"Armari Gliss Master-Glass de Molteni&C |","isPartOf":{"@id":"https:\/\/www.corsobori.com\/ca\/#website"},"primaryImageOfPage":{"@id":"https:\/\/www.corsobori.com\/ca\/tienda\/p\/armari-gliss-master-glass\/#primaryimage"},"image":{"@id":"https:\/\/www.corsobori.com\/ca\/tienda\/p\/armari-gliss-master-glass\/#primaryimage"},"thumbnailUrl":"https:\/\/www.corsobori.com\/wp-content\/uploads\/2024\/12\/4_3_Gliss-Master-GlassDoor_01.jpg","datePublished":"2024-12-18T15:17:40+00:00","breadcrumb":{"@id":"https:\/\/www.corsobori.com\/ca\/tienda\/p\/armari-gliss-master-glass\/#breadcrumb"},"inLanguage":"ca","potentialAction":[{"@type":"ReadAction","target":["https:\/\/www.corsobori.com\/ca\/tienda\/p\/armari-gliss-master-glass\/"]}]},{"@type":"ImageObject","inLanguage":"ca","@id":"https:\/\/www.corsobori.com\/ca\/tienda\/p\/armari-gliss-master-glass\/#primaryimage","url":"https:\/\/www.corsobori.com\/wp-content\/uploads\/2024\/12\/4_3_Gliss-Master-GlassDoor_01.jpg","contentUrl":"https:\/\/www.corsobori.com\/wp-content\/uploads\/2024\/12\/4_3_Gliss-Master-GlassDoor_01.jpg","width":1440,"height":1080},{"@type":"BreadcrumbList","@id":"https:\/\/www.corsobori.com\/ca\/tienda\/p\/armari-gliss-master-glass\/#breadcrumb","itemListElement":[{"@type":"ListItem","position":1,"name":"Portada","item":"https:\/\/www.corsobori.com\/ca\/inici\/"},{"@type":"ListItem","position":2,"name":"Botiga","item":"https:\/\/www.corsobori.com\/ca\/botiga\/"},{"@type":"ListItem","position":3,"name":"Armari Gliss Master-Glass"}]},{"@type":"WebSite","@id":"https:\/\/www.corsobori.com\/ca\/#website","url":"https:\/\/www.corsobori.com\/ca\/","name":"Corsobori","description":"","publisher":{"@id":"https:\/\/www.corsobori.com\/ca\/#organization"},"potentialAction":[{"@type":"SearchAction","target":{"@type":"EntryPoint","urlTemplate":"https:\/\/www.corsobori.com\/ca\/?s={search_term_string}"},"query-input":{"@type":"PropertyValueSpecification","valueRequired":true,"valueName":"search_term_string"}}],"inLanguage":"ca"},{"@type":"Organization","@id":"https:\/\/www.corsobori.com\/ca\/#organization","name":"Corsobori","url":"https:\/\/www.corsobori.com\/ca\/","logo":{"@type":"ImageObject","inLanguage":"ca","@id":"https:\/\/www.corsobori.com\/ca\/#\/schema\/logo\/image\/","url":"https:\/\/www.corsobori.com\/wp-content\/uploads\/2024\/08\/logo-corsobori.png","contentUrl":"https:\/\/www.corsobori.com\/wp-content\/uploads\/2024\/08\/logo-corsobori.png","width":1210,"height":146,"caption":"Corsobori"},"image":{"@id":"https:\/\/www.corsobori.com\/ca\/#\/schema\/logo\/image\/"}}]}},"_links":{"self":[{"href":"https:\/\/www.corsobori.com\/ca\/wp-json\/wp\/v2\/product\/5705","targetHints":{"allow":["GET"]}}],"collection":[{"href":"https:\/\/www.corsobori.com\/ca\/wp-json\/wp\/v2\/product"}],"about":[{"href":"https:\/\/www.corsobori.com\/ca\/wp-json\/wp\/v2\/types\/product"}],"replies":[{"embeddable":true,"href":"https:\/\/www.corsobori.com\/ca\/wp-json\/wp\/v2\/comments?post=5705"}],"wp:featuredmedia":[{"embeddable":true,"href":"https:\/\/www.corsobori.com\/ca\/wp-json\/wp\/v2\/media\/4134"}],"wp:attachment":[{"href":"https:\/\/www.corsobori.com\/ca\/wp-json\/wp\/v2\/media?parent=5705"}],"wp:term":[{"taxonomy":"product_brand","embeddable":true,"href":"https:\/\/www.corsobori.com\/ca\/wp-json\/wp\/v2\/product_brand?post=5705"},{"taxonomy":"product_cat","embeddable":true,"href":"https:\/\/www.corsobori.com\/ca\/wp-json\/wp\/v2\/product_cat?post=5705"},{"taxonomy":"product_tag","embeddable":true,"href":"https:\/\/www.corsobori.com\/ca\/wp-json\/wp\/v2\/product_tag?post=5705"}],"curies":[{"name":"wp","href":"https:\/\/api.w.org\/{rel}","templated":true}]}}