{"id":5700,"date":"2024-12-18T16:17:39","date_gmt":"2024-12-18T15:17:39","guid":{"rendered":"https:\/\/www.corsobori.com\/tienda\/p\/armari-gliss-master-blade\/"},"modified":"2024-12-18T16:17:39","modified_gmt":"2024-12-18T15:17:39","slug":"armari-gliss-master-blade","status":"publish","type":"product","link":"https:\/\/www.corsobori.com\/ca\/tienda\/p\/armari-gliss-master-blade\/","title":{"rendered":"Armari Gliss Master-Blade de Molteni&#038;C"},"content":{"rendered":"<p>La porta dels sistemes de nit Molteni&amp;C \u2013 Gliss Master i Master Dressing destaca pel seu tirador a tota al\u00e7ada i un innovador sistema de lliscament que permet l&#8217;aproximaci\u00f3 autom\u00e0tica en obrir i tancar. Integrant la Internet de les Coses, aquestes solucions avan\u00e7ades garanteixen un armari d&#8217;alta qualitat mediambiental, mantenint les peces protegides d&#8217;agents nocius amortidors magn\u00e8tics que milloren la flu\u00efdesa i redueixen el soroll. A m\u00e9s, el disseny inclou solucions funcionals com un porta-camises extra\u00efble, calaixos, safates i un sistema d&#8217;il\u00b7luminaci\u00f3 LED.    <\/p>\n","protected":false},"excerpt":{"rendered":"<p>La porta dels sistemes de nit Molteni&amp;C \u2013 Gliss Master i Master Dressing destaca pel seu tirador a tota al\u00e7ada i un innovador sistema de lliscament que permet l&#8217;aproximaci\u00f3 autom\u00e0tica en obrir i tancar. Integrant la Internet de les Coses, aquestes solucions avan\u00e7ades garanteixen un armari d&#8217;alta qualitat mediambiental, mantenint les peces protegides d&#8217;agents nocius&#8230;<\/p>\n","protected":false},"featured_media":4116,"comment_status":"open","ping_status":"closed","template":"","meta":{"_acf_changed":false},"product_brand":[],"product_cat":[195,172],"product_tag":[],"class_list":{"0":"post-5700","1":"product","2":"type-product","3":"status-publish","4":"has-post-thumbnail","6":"product_cat-armaris","7":"product_cat-mobles-dinterior","9":"first","10":"instock","11":"sold-individually","12":"shipping-taxable","13":"purchasable","14":"product-type-simple"},"acf":[],"yoast_head":"<!-- This site is optimized with the Yoast SEO plugin v27.2 - https:\/\/yoast.com\/product\/yoast-seo-wordpress\/ -->\n<title>Armari Gliss Master-Blade de Molteni&amp;C | Corsobori<\/title>\n<meta name=\"robots\" content=\"index, follow, max-snippet:-1, max-image-preview:large, max-video-preview:-1\" \/>\n<link rel=\"canonical\" href=\"https:\/\/www.corsobori.com\/ca\/tienda\/p\/armari-gliss-master-blade\/\" \/>\n<meta property=\"og:locale\" content=\"ca_ES\" \/>\n<meta property=\"og:type\" content=\"article\" \/>\n<meta property=\"og:title\" content=\"Armari Gliss Master-Blade de Molteni&amp;C | Corsobori\" \/>\n<meta property=\"og:description\" content=\"La porta dels sistemes de nit Molteni&amp;C \u2013 Gliss Master i Master Dressing destaca pel seu tirador a tota al\u00e7ada i un innovador sistema de lliscament que permet l&#8217;aproximaci\u00f3 autom\u00e0tica en obrir i tancar. Integrant la Internet de les Coses, aquestes solucions avan\u00e7ades garanteixen un armari d&#8217;alta qualitat mediambiental, mantenint les peces protegides d&#8217;agents nocius...\" \/>\n<meta property=\"og:url\" content=\"https:\/\/www.corsobori.com\/ca\/tienda\/p\/armari-gliss-master-blade\/\" \/>\n<meta property=\"og:site_name\" content=\"corsobori.com\" \/>\n<meta property=\"og:image\" content=\"https:\/\/www.corsobori.com\/wp-content\/uploads\/2024\/12\/587e4684c992c.jpg\" \/>\n\t<meta property=\"og:image:width\" content=\"1440\" \/>\n\t<meta property=\"og:image:height\" content=\"1080\" \/>\n\t<meta property=\"og:image:type\" content=\"image\/jpeg\" \/>\n<meta name=\"twitter:card\" content=\"summary_large_image\" \/>\n<!-- \/ Yoast SEO plugin. -->","yoast_head_json":{"title":"Armari Gliss Master-Blade de Molteni&C | Corsobori","robots":{"index":"index","follow":"follow","max-snippet":"max-snippet:-1","max-image-preview":"max-image-preview:large","max-video-preview":"max-video-preview:-1"},"canonical":"https:\/\/www.corsobori.com\/ca\/tienda\/p\/armari-gliss-master-blade\/","og_locale":"ca_ES","og_type":"article","og_title":"Armari Gliss Master-Blade de Molteni&C | Corsobori","og_description":"La porta dels sistemes de nit Molteni&amp;C \u2013 Gliss Master i Master Dressing destaca pel seu tirador a tota al\u00e7ada i un innovador sistema de lliscament que permet l&#8217;aproximaci\u00f3 autom\u00e0tica en obrir i tancar. Integrant la Internet de les Coses, aquestes solucions avan\u00e7ades garanteixen un armari d&#8217;alta qualitat mediambiental, mantenint les peces protegides d&#8217;agents nocius...","og_url":"https:\/\/www.corsobori.com\/ca\/tienda\/p\/armari-gliss-master-blade\/","og_site_name":"corsobori.com","og_image":[{"width":1440,"height":1080,"url":"https:\/\/www.corsobori.com\/wp-content\/uploads\/2024\/12\/587e4684c992c.jpg","type":"image\/jpeg"}],"twitter_card":"summary_large_image","schema":{"@context":"https:\/\/schema.org","@graph":[{"@type":"WebPage","@id":"https:\/\/www.corsobori.com\/ca\/tienda\/p\/armari-gliss-master-blade\/","url":"https:\/\/www.corsobori.com\/ca\/tienda\/p\/armari-gliss-master-blade\/","name":"Armari Gliss Master-Blade de Molteni&C | Corsobori","isPartOf":{"@id":"https:\/\/www.corsobori.com\/ca\/#website"},"primaryImageOfPage":{"@id":"https:\/\/www.corsobori.com\/ca\/tienda\/p\/armari-gliss-master-blade\/#primaryimage"},"image":{"@id":"https:\/\/www.corsobori.com\/ca\/tienda\/p\/armari-gliss-master-blade\/#primaryimage"},"thumbnailUrl":"https:\/\/www.corsobori.com\/wp-content\/uploads\/2024\/12\/587e4684c992c.jpg","datePublished":"2024-12-18T15:17:39+00:00","breadcrumb":{"@id":"https:\/\/www.corsobori.com\/ca\/tienda\/p\/armari-gliss-master-blade\/#breadcrumb"},"inLanguage":"ca","potentialAction":[{"@type":"ReadAction","target":["https:\/\/www.corsobori.com\/ca\/tienda\/p\/armari-gliss-master-blade\/"]}]},{"@type":"ImageObject","inLanguage":"ca","@id":"https:\/\/www.corsobori.com\/ca\/tienda\/p\/armari-gliss-master-blade\/#primaryimage","url":"https:\/\/www.corsobori.com\/wp-content\/uploads\/2024\/12\/587e4684c992c.jpg","contentUrl":"https:\/\/www.corsobori.com\/wp-content\/uploads\/2024\/12\/587e4684c992c.jpg","width":1440,"height":1080},{"@type":"BreadcrumbList","@id":"https:\/\/www.corsobori.com\/ca\/tienda\/p\/armari-gliss-master-blade\/#breadcrumb","itemListElement":[{"@type":"ListItem","position":1,"name":"Portada","item":"https:\/\/www.corsobori.com\/ca\/inici\/"},{"@type":"ListItem","position":2,"name":"Botiga","item":"https:\/\/www.corsobori.com\/ca\/botiga\/"},{"@type":"ListItem","position":3,"name":"Armari Gliss Master-Blade"}]},{"@type":"WebSite","@id":"https:\/\/www.corsobori.com\/ca\/#website","url":"https:\/\/www.corsobori.com\/ca\/","name":"Corsobori","description":"","publisher":{"@id":"https:\/\/www.corsobori.com\/ca\/#organization"},"potentialAction":[{"@type":"SearchAction","target":{"@type":"EntryPoint","urlTemplate":"https:\/\/www.corsobori.com\/ca\/?s={search_term_string}"},"query-input":{"@type":"PropertyValueSpecification","valueRequired":true,"valueName":"search_term_string"}}],"inLanguage":"ca"},{"@type":"Organization","@id":"https:\/\/www.corsobori.com\/ca\/#organization","name":"Corsobori","url":"https:\/\/www.corsobori.com\/ca\/","logo":{"@type":"ImageObject","inLanguage":"ca","@id":"https:\/\/www.corsobori.com\/ca\/#\/schema\/logo\/image\/","url":"https:\/\/www.corsobori.com\/wp-content\/uploads\/2024\/08\/logo-corsobori.png","contentUrl":"https:\/\/www.corsobori.com\/wp-content\/uploads\/2024\/08\/logo-corsobori.png","width":1210,"height":146,"caption":"Corsobori"},"image":{"@id":"https:\/\/www.corsobori.com\/ca\/#\/schema\/logo\/image\/"}}]}},"_links":{"self":[{"href":"https:\/\/www.corsobori.com\/ca\/wp-json\/wp\/v2\/product\/5700","targetHints":{"allow":["GET"]}}],"collection":[{"href":"https:\/\/www.corsobori.com\/ca\/wp-json\/wp\/v2\/product"}],"about":[{"href":"https:\/\/www.corsobori.com\/ca\/wp-json\/wp\/v2\/types\/product"}],"replies":[{"embeddable":true,"href":"https:\/\/www.corsobori.com\/ca\/wp-json\/wp\/v2\/comments?post=5700"}],"wp:featuredmedia":[{"embeddable":true,"href":"https:\/\/www.corsobori.com\/ca\/wp-json\/wp\/v2\/media\/4116"}],"wp:attachment":[{"href":"https:\/\/www.corsobori.com\/ca\/wp-json\/wp\/v2\/media?parent=5700"}],"wp:term":[{"taxonomy":"product_brand","embeddable":true,"href":"https:\/\/www.corsobori.com\/ca\/wp-json\/wp\/v2\/product_brand?post=5700"},{"taxonomy":"product_cat","embeddable":true,"href":"https:\/\/www.corsobori.com\/ca\/wp-json\/wp\/v2\/product_cat?post=5700"},{"taxonomy":"product_tag","embeddable":true,"href":"https:\/\/www.corsobori.com\/ca\/wp-json\/wp\/v2\/product_tag?post=5700"}],"curies":[{"name":"wp","href":"https:\/\/api.w.org\/{rel}","templated":true}]}}