{"id":5698,"date":"2024-12-18T16:17:42","date_gmt":"2024-12-18T15:17:42","guid":{"rendered":"https:\/\/www.corsobori.com\/tienda\/p\/armari-gliss-master-niche\/"},"modified":"2024-12-18T16:17:42","modified_gmt":"2024-12-18T15:17:42","slug":"armari-gliss-master-niche","status":"publish","type":"product","link":"https:\/\/www.corsobori.com\/ca\/tienda\/p\/armari-gliss-master-niche\/","title":{"rendered":"Armari Gliss Master-Niche de Molteni&#038;C"},"content":{"rendered":"<p>La innovaci\u00f3 de Molteni&amp;C en sistemes d&#8217;armaris Gliss Master i Master Dressing incorpora tecnologia IoT amb AIRCUB \u00ae, dispositiu que purifica i aromatitza l&#8217;aire, eliminant fins a un 95% d&#8217;agents nocius. Aquest sistema, controlable a trav\u00e9s d&#8217;una app al tel\u00e8fon intel\u00b7ligent, assegura un ambient lliure de bacteris i al\u00b7l\u00e8rgens. A m\u00e9s, presenta mecanismes de lliscament que incorporen amortidors magn\u00e8tics per a un funcionament silenci\u00f3s i fluid. Les solucions elegants inclouen un sofisticat porta-camises extra\u00efble, calaixos i safates extra\u00efbles, i accessoris en &#8220;eco pell&#8221;. Creat per Vincent Van Duysen, cada pe\u00e7a reflecteix una fusi\u00f3 entre arquitectura i disseny d&#8217;interiors, amb un enfocament a la puresa i la funcionalitat.    <\/p>\n","protected":false},"excerpt":{"rendered":"<p>La innovaci\u00f3 de Molteni&amp;C en sistemes d&#8217;armaris Gliss Master i Master Dressing incorpora tecnologia IoT amb AIRCUB \u00ae, dispositiu que purifica i aromatitza l&#8217;aire, eliminant fins a un 95% d&#8217;agents nocius. Aquest sistema, controlable a trav\u00e9s d&#8217;una app al tel\u00e8fon intel\u00b7ligent, assegura un ambient lliure de bacteris i al\u00b7l\u00e8rgens. A m\u00e9s, presenta mecanismes de lliscament&#8230;<\/p>\n","protected":false},"featured_media":4162,"comment_status":"open","ping_status":"closed","template":"","meta":{"_acf_changed":false},"product_brand":[],"product_cat":[195,172],"product_tag":[],"class_list":{"0":"post-5698","1":"product","2":"type-product","3":"status-publish","4":"has-post-thumbnail","6":"product_cat-armaris","7":"product_cat-mobles-dinterior","9":"first","10":"instock","11":"sold-individually","12":"shipping-taxable","13":"purchasable","14":"product-type-simple"},"acf":[],"yoast_head":"<!-- This site is optimized with the Yoast SEO plugin v27.2 - https:\/\/yoast.com\/product\/yoast-seo-wordpress\/ -->\n<title>Armari Gliss Master-Nit de Molteni&amp;C | Corsobori<\/title>\n<meta name=\"robots\" content=\"index, follow, max-snippet:-1, max-image-preview:large, max-video-preview:-1\" \/>\n<link rel=\"canonical\" href=\"https:\/\/www.corsobori.com\/ca\/tienda\/p\/armari-gliss-master-niche\/\" \/>\n<meta property=\"og:locale\" content=\"ca_ES\" \/>\n<meta property=\"og:type\" content=\"article\" \/>\n<meta property=\"og:title\" content=\"Armari Gliss Master-Nit de Molteni&amp;C | Corsobori\" \/>\n<meta property=\"og:description\" content=\"La innovaci\u00f3 de Molteni&amp;C en sistemes d&#8217;armaris Gliss Master i Master Dressing incorpora tecnologia IoT amb AIRCUB \u00ae, dispositiu que purifica i aromatitza l&#8217;aire, eliminant fins a un 95% d&#8217;agents nocius. Aquest sistema, controlable a trav\u00e9s d&#8217;una app al tel\u00e8fon intel\u00b7ligent, assegura un ambient lliure de bacteris i al\u00b7l\u00e8rgens. A m\u00e9s, presenta mecanismes de lliscament...\" \/>\n<meta property=\"og:url\" content=\"https:\/\/www.corsobori.com\/ca\/tienda\/p\/armari-gliss-master-niche\/\" \/>\n<meta property=\"og:site_name\" content=\"corsobori.com\" \/>\n<meta property=\"og:image\" content=\"https:\/\/www.corsobori.com\/wp-content\/uploads\/2024\/12\/59d350d8ae96f.jpg\" \/>\n\t<meta property=\"og:image:width\" content=\"1440\" \/>\n\t<meta property=\"og:image:height\" content=\"1080\" \/>\n\t<meta property=\"og:image:type\" content=\"image\/jpeg\" \/>\n<meta name=\"twitter:card\" content=\"summary_large_image\" \/>\n<meta name=\"twitter:label1\" content=\"Temps estimat de lectura\" \/>\n\t<meta name=\"twitter:data1\" content=\"1 minut\" \/>\n<!-- \/ Yoast SEO plugin. -->","yoast_head_json":{"title":"Armari Gliss Master-Nit de Molteni&C | Corsobori","robots":{"index":"index","follow":"follow","max-snippet":"max-snippet:-1","max-image-preview":"max-image-preview:large","max-video-preview":"max-video-preview:-1"},"canonical":"https:\/\/www.corsobori.com\/ca\/tienda\/p\/armari-gliss-master-niche\/","og_locale":"ca_ES","og_type":"article","og_title":"Armari Gliss Master-Nit de Molteni&C | Corsobori","og_description":"La innovaci\u00f3 de Molteni&amp;C en sistemes d&#8217;armaris Gliss Master i Master Dressing incorpora tecnologia IoT amb AIRCUB \u00ae, dispositiu que purifica i aromatitza l&#8217;aire, eliminant fins a un 95% d&#8217;agents nocius. Aquest sistema, controlable a trav\u00e9s d&#8217;una app al tel\u00e8fon intel\u00b7ligent, assegura un ambient lliure de bacteris i al\u00b7l\u00e8rgens. A m\u00e9s, presenta mecanismes de lliscament...","og_url":"https:\/\/www.corsobori.com\/ca\/tienda\/p\/armari-gliss-master-niche\/","og_site_name":"corsobori.com","og_image":[{"width":1440,"height":1080,"url":"https:\/\/www.corsobori.com\/wp-content\/uploads\/2024\/12\/59d350d8ae96f.jpg","type":"image\/jpeg"}],"twitter_card":"summary_large_image","twitter_misc":{"Temps estimat de lectura":"1 minut"},"schema":{"@context":"https:\/\/schema.org","@graph":[{"@type":"WebPage","@id":"https:\/\/www.corsobori.com\/ca\/tienda\/p\/armari-gliss-master-niche\/","url":"https:\/\/www.corsobori.com\/ca\/tienda\/p\/armari-gliss-master-niche\/","name":"Armari Gliss Master-Nit de Molteni&C | Corsobori","isPartOf":{"@id":"https:\/\/www.corsobori.com\/ca\/#website"},"primaryImageOfPage":{"@id":"https:\/\/www.corsobori.com\/ca\/tienda\/p\/armari-gliss-master-niche\/#primaryimage"},"image":{"@id":"https:\/\/www.corsobori.com\/ca\/tienda\/p\/armari-gliss-master-niche\/#primaryimage"},"thumbnailUrl":"https:\/\/www.corsobori.com\/wp-content\/uploads\/2024\/12\/59d350d8ae96f.jpg","datePublished":"2024-12-18T15:17:42+00:00","breadcrumb":{"@id":"https:\/\/www.corsobori.com\/ca\/tienda\/p\/armari-gliss-master-niche\/#breadcrumb"},"inLanguage":"ca","potentialAction":[{"@type":"ReadAction","target":["https:\/\/www.corsobori.com\/ca\/tienda\/p\/armari-gliss-master-niche\/"]}]},{"@type":"ImageObject","inLanguage":"ca","@id":"https:\/\/www.corsobori.com\/ca\/tienda\/p\/armari-gliss-master-niche\/#primaryimage","url":"https:\/\/www.corsobori.com\/wp-content\/uploads\/2024\/12\/59d350d8ae96f.jpg","contentUrl":"https:\/\/www.corsobori.com\/wp-content\/uploads\/2024\/12\/59d350d8ae96f.jpg","width":1440,"height":1080},{"@type":"BreadcrumbList","@id":"https:\/\/www.corsobori.com\/ca\/tienda\/p\/armari-gliss-master-niche\/#breadcrumb","itemListElement":[{"@type":"ListItem","position":1,"name":"Portada","item":"https:\/\/www.corsobori.com\/ca\/inici\/"},{"@type":"ListItem","position":2,"name":"Botiga","item":"https:\/\/www.corsobori.com\/ca\/botiga\/"},{"@type":"ListItem","position":3,"name":"Armari Gliss Master-Niche"}]},{"@type":"WebSite","@id":"https:\/\/www.corsobori.com\/ca\/#website","url":"https:\/\/www.corsobori.com\/ca\/","name":"Corsobori","description":"","publisher":{"@id":"https:\/\/www.corsobori.com\/ca\/#organization"},"potentialAction":[{"@type":"SearchAction","target":{"@type":"EntryPoint","urlTemplate":"https:\/\/www.corsobori.com\/ca\/?s={search_term_string}"},"query-input":{"@type":"PropertyValueSpecification","valueRequired":true,"valueName":"search_term_string"}}],"inLanguage":"ca"},{"@type":"Organization","@id":"https:\/\/www.corsobori.com\/ca\/#organization","name":"Corsobori","url":"https:\/\/www.corsobori.com\/ca\/","logo":{"@type":"ImageObject","inLanguage":"ca","@id":"https:\/\/www.corsobori.com\/ca\/#\/schema\/logo\/image\/","url":"https:\/\/www.corsobori.com\/wp-content\/uploads\/2024\/08\/logo-corsobori.png","contentUrl":"https:\/\/www.corsobori.com\/wp-content\/uploads\/2024\/08\/logo-corsobori.png","width":1210,"height":146,"caption":"Corsobori"},"image":{"@id":"https:\/\/www.corsobori.com\/ca\/#\/schema\/logo\/image\/"}}]}},"_links":{"self":[{"href":"https:\/\/www.corsobori.com\/ca\/wp-json\/wp\/v2\/product\/5698","targetHints":{"allow":["GET"]}}],"collection":[{"href":"https:\/\/www.corsobori.com\/ca\/wp-json\/wp\/v2\/product"}],"about":[{"href":"https:\/\/www.corsobori.com\/ca\/wp-json\/wp\/v2\/types\/product"}],"replies":[{"embeddable":true,"href":"https:\/\/www.corsobori.com\/ca\/wp-json\/wp\/v2\/comments?post=5698"}],"wp:featuredmedia":[{"embeddable":true,"href":"https:\/\/www.corsobori.com\/ca\/wp-json\/wp\/v2\/media\/4162"}],"wp:attachment":[{"href":"https:\/\/www.corsobori.com\/ca\/wp-json\/wp\/v2\/media?parent=5698"}],"wp:term":[{"taxonomy":"product_brand","embeddable":true,"href":"https:\/\/www.corsobori.com\/ca\/wp-json\/wp\/v2\/product_brand?post=5698"},{"taxonomy":"product_cat","embeddable":true,"href":"https:\/\/www.corsobori.com\/ca\/wp-json\/wp\/v2\/product_cat?post=5698"},{"taxonomy":"product_tag","embeddable":true,"href":"https:\/\/www.corsobori.com\/ca\/wp-json\/wp\/v2\/product_tag?post=5698"}],"curies":[{"name":"wp","href":"https:\/\/api.w.org\/{rel}","templated":true}]}}