{"id":5694,"date":"2024-12-18T16:17:43","date_gmt":"2024-12-18T15:17:43","guid":{"rendered":"https:\/\/www.corsobori.com\/tienda\/p\/armari-superior-bright\/"},"modified":"2024-12-18T16:17:43","modified_gmt":"2024-12-18T15:17:43","slug":"armari-superior-bright","status":"publish","type":"product","link":"https:\/\/www.corsobori.com\/ca\/tienda\/p\/armari-superior-bright\/","title":{"rendered":"Armari Superior Bright de Molteni&#038;C"},"content":{"rendered":"<p>L&#8217;armari alt Bright de Molteni&amp;C ofereix una elegant soluci\u00f3 de contenci\u00f3 amb l&#8217;opci\u00f3 d&#8217;incorporar il\u00b7luminaci\u00f3 LED als prestatges interiors, gr\u00e0cies a un bastidor espec\u00edfic. Aquest armari es pot ubicar individualment o centralment entre altres armaris superiors, permetent una gran versatilitat a la seva disposici\u00f3. Les seves portes, constru\u00efdes amb un bastidor d&#8217;alumini, s&#8217;obren mitjan\u00e7ant microfrontisses esmorte\u00efdes que s&#8217;amaguen al fons i la base, garantint un disseny net i sofisticat. El departament de Recerca i Desenvolupament de Molteni&amp;C, que combina talent en disseny, enginyeria i artesania, \u00e9s fonamental per fer aquestes innovadores solucions.   <\/p>\n","protected":false},"excerpt":{"rendered":"<p>L&#8217;armari alt Bright de Molteni&amp;C ofereix una elegant soluci\u00f3 de contenci\u00f3 amb l&#8217;opci\u00f3 d&#8217;incorporar il\u00b7luminaci\u00f3 LED als prestatges interiors, gr\u00e0cies a un bastidor espec\u00edfic. Aquest armari es pot ubicar individualment o centralment entre altres armaris superiors, permetent una gran versatilitat a la seva disposici\u00f3. Les seves portes, constru\u00efdes amb un bastidor d&#8217;alumini, s&#8217;obren mitjan\u00e7ant microfrontisses&#8230;<\/p>\n","protected":false},"featured_media":4176,"comment_status":"open","ping_status":"closed","template":"","meta":{"_acf_changed":false},"product_brand":[],"product_cat":[172],"product_tag":[],"class_list":{"0":"post-5694","1":"product","2":"type-product","3":"status-publish","4":"has-post-thumbnail","6":"product_cat-mobles-dinterior","8":"first","9":"instock","10":"sold-individually","11":"shipping-taxable","12":"purchasable","13":"product-type-simple"},"acf":[],"yoast_head":"<!-- This site is optimized with the Yoast SEO plugin v27.2 - https:\/\/yoast.com\/product\/yoast-seo-wordpress\/ -->\n<title>Armari Superior Bright de Molteni&amp;C | Corsobori<\/title>\n<meta name=\"robots\" content=\"index, follow, max-snippet:-1, max-image-preview:large, max-video-preview:-1\" \/>\n<link rel=\"canonical\" href=\"https:\/\/www.corsobori.com\/ca\/tienda\/p\/armari-superior-bright\/\" \/>\n<meta property=\"og:locale\" content=\"ca_ES\" \/>\n<meta property=\"og:type\" content=\"article\" \/>\n<meta property=\"og:title\" content=\"Armari Superior Bright de Molteni&amp;C | Corsobori\" \/>\n<meta property=\"og:description\" content=\"L&#8217;armari alt Bright de Molteni&amp;C ofereix una elegant soluci\u00f3 de contenci\u00f3 amb l&#8217;opci\u00f3 d&#8217;incorporar il\u00b7luminaci\u00f3 LED als prestatges interiors, gr\u00e0cies a un bastidor espec\u00edfic. Aquest armari es pot ubicar individualment o centralment entre altres armaris superiors, permetent una gran versatilitat a la seva disposici\u00f3. Les seves portes, constru\u00efdes amb un bastidor d&#8217;alumini, s&#8217;obren mitjan\u00e7ant microfrontisses...\" \/>\n<meta property=\"og:url\" content=\"https:\/\/www.corsobori.com\/ca\/tienda\/p\/armari-superior-bright\/\" \/>\n<meta property=\"og:site_name\" content=\"corsobori.com\" \/>\n<meta property=\"og:image\" content=\"https:\/\/www.corsobori.com\/wp-content\/uploads\/2024\/12\/581b8de9d0a9c.jpg\" \/>\n\t<meta property=\"og:image:width\" content=\"1920\" \/>\n\t<meta property=\"og:image:height\" content=\"1080\" \/>\n\t<meta property=\"og:image:type\" content=\"image\/jpeg\" \/>\n<meta name=\"twitter:card\" content=\"summary_large_image\" \/>\n<meta name=\"twitter:label1\" content=\"Temps estimat de lectura\" \/>\n\t<meta name=\"twitter:data1\" content=\"1 minut\" \/>\n<!-- \/ Yoast SEO plugin. -->","yoast_head_json":{"title":"Armari Superior Bright de Molteni&C | Corsobori","robots":{"index":"index","follow":"follow","max-snippet":"max-snippet:-1","max-image-preview":"max-image-preview:large","max-video-preview":"max-video-preview:-1"},"canonical":"https:\/\/www.corsobori.com\/ca\/tienda\/p\/armari-superior-bright\/","og_locale":"ca_ES","og_type":"article","og_title":"Armari Superior Bright de Molteni&C | Corsobori","og_description":"L&#8217;armari alt Bright de Molteni&amp;C ofereix una elegant soluci\u00f3 de contenci\u00f3 amb l&#8217;opci\u00f3 d&#8217;incorporar il\u00b7luminaci\u00f3 LED als prestatges interiors, gr\u00e0cies a un bastidor espec\u00edfic. Aquest armari es pot ubicar individualment o centralment entre altres armaris superiors, permetent una gran versatilitat a la seva disposici\u00f3. Les seves portes, constru\u00efdes amb un bastidor d&#8217;alumini, s&#8217;obren mitjan\u00e7ant microfrontisses...","og_url":"https:\/\/www.corsobori.com\/ca\/tienda\/p\/armari-superior-bright\/","og_site_name":"corsobori.com","og_image":[{"width":1920,"height":1080,"url":"https:\/\/www.corsobori.com\/wp-content\/uploads\/2024\/12\/581b8de9d0a9c.jpg","type":"image\/jpeg"}],"twitter_card":"summary_large_image","twitter_misc":{"Temps estimat de lectura":"1 minut"},"schema":{"@context":"https:\/\/schema.org","@graph":[{"@type":"WebPage","@id":"https:\/\/www.corsobori.com\/ca\/tienda\/p\/armari-superior-bright\/","url":"https:\/\/www.corsobori.com\/ca\/tienda\/p\/armari-superior-bright\/","name":"Armari Superior Bright de Molteni&C | Corsobori","isPartOf":{"@id":"https:\/\/www.corsobori.com\/ca\/#website"},"primaryImageOfPage":{"@id":"https:\/\/www.corsobori.com\/ca\/tienda\/p\/armari-superior-bright\/#primaryimage"},"image":{"@id":"https:\/\/www.corsobori.com\/ca\/tienda\/p\/armari-superior-bright\/#primaryimage"},"thumbnailUrl":"https:\/\/www.corsobori.com\/wp-content\/uploads\/2024\/12\/581b8de9d0a9c.jpg","datePublished":"2024-12-18T15:17:43+00:00","breadcrumb":{"@id":"https:\/\/www.corsobori.com\/ca\/tienda\/p\/armari-superior-bright\/#breadcrumb"},"inLanguage":"ca","potentialAction":[{"@type":"ReadAction","target":["https:\/\/www.corsobori.com\/ca\/tienda\/p\/armari-superior-bright\/"]}]},{"@type":"ImageObject","inLanguage":"ca","@id":"https:\/\/www.corsobori.com\/ca\/tienda\/p\/armari-superior-bright\/#primaryimage","url":"https:\/\/www.corsobori.com\/wp-content\/uploads\/2024\/12\/581b8de9d0a9c.jpg","contentUrl":"https:\/\/www.corsobori.com\/wp-content\/uploads\/2024\/12\/581b8de9d0a9c.jpg","width":1920,"height":1080},{"@type":"BreadcrumbList","@id":"https:\/\/www.corsobori.com\/ca\/tienda\/p\/armari-superior-bright\/#breadcrumb","itemListElement":[{"@type":"ListItem","position":1,"name":"Portada","item":"https:\/\/www.corsobori.com\/ca\/inici\/"},{"@type":"ListItem","position":2,"name":"Botiga","item":"https:\/\/www.corsobori.com\/ca\/botiga\/"},{"@type":"ListItem","position":3,"name":"Armari Superior Bright"}]},{"@type":"WebSite","@id":"https:\/\/www.corsobori.com\/ca\/#website","url":"https:\/\/www.corsobori.com\/ca\/","name":"Corsobori","description":"","publisher":{"@id":"https:\/\/www.corsobori.com\/ca\/#organization"},"potentialAction":[{"@type":"SearchAction","target":{"@type":"EntryPoint","urlTemplate":"https:\/\/www.corsobori.com\/ca\/?s={search_term_string}"},"query-input":{"@type":"PropertyValueSpecification","valueRequired":true,"valueName":"search_term_string"}}],"inLanguage":"ca"},{"@type":"Organization","@id":"https:\/\/www.corsobori.com\/ca\/#organization","name":"Corsobori","url":"https:\/\/www.corsobori.com\/ca\/","logo":{"@type":"ImageObject","inLanguage":"ca","@id":"https:\/\/www.corsobori.com\/ca\/#\/schema\/logo\/image\/","url":"https:\/\/www.corsobori.com\/wp-content\/uploads\/2024\/08\/logo-corsobori.png","contentUrl":"https:\/\/www.corsobori.com\/wp-content\/uploads\/2024\/08\/logo-corsobori.png","width":1210,"height":146,"caption":"Corsobori"},"image":{"@id":"https:\/\/www.corsobori.com\/ca\/#\/schema\/logo\/image\/"}}]}},"_links":{"self":[{"href":"https:\/\/www.corsobori.com\/ca\/wp-json\/wp\/v2\/product\/5694","targetHints":{"allow":["GET"]}}],"collection":[{"href":"https:\/\/www.corsobori.com\/ca\/wp-json\/wp\/v2\/product"}],"about":[{"href":"https:\/\/www.corsobori.com\/ca\/wp-json\/wp\/v2\/types\/product"}],"replies":[{"embeddable":true,"href":"https:\/\/www.corsobori.com\/ca\/wp-json\/wp\/v2\/comments?post=5694"}],"wp:featuredmedia":[{"embeddable":true,"href":"https:\/\/www.corsobori.com\/ca\/wp-json\/wp\/v2\/media\/4176"}],"wp:attachment":[{"href":"https:\/\/www.corsobori.com\/ca\/wp-json\/wp\/v2\/media?parent=5694"}],"wp:term":[{"taxonomy":"product_brand","embeddable":true,"href":"https:\/\/www.corsobori.com\/ca\/wp-json\/wp\/v2\/product_brand?post=5694"},{"taxonomy":"product_cat","embeddable":true,"href":"https:\/\/www.corsobori.com\/ca\/wp-json\/wp\/v2\/product_cat?post=5694"},{"taxonomy":"product_tag","embeddable":true,"href":"https:\/\/www.corsobori.com\/ca\/wp-json\/wp\/v2\/product_tag?post=5694"}],"curies":[{"name":"wp","href":"https:\/\/api.w.org\/{rel}","templated":true}]}}