{"id":5689,"date":"2024-12-18T16:18:14","date_gmt":"2024-12-18T15:18:14","guid":{"rendered":"https:\/\/www.corsobori.com\/tienda\/p\/llibreria-graduate\/"},"modified":"2024-12-18T16:18:14","modified_gmt":"2024-12-18T15:18:14","slug":"llibreria-graduate","status":"publish","type":"product","link":"https:\/\/www.corsobori.com\/ca\/tienda\/p\/llibreria-graduate\/","title":{"rendered":"Llibreria Graduate de Molteni&#038;C"},"content":{"rendered":"<p>Jean Nouvel presenta una innovadora llibreria penjada, composta per un \u00fanic prestatge ancorat a la paret o al sostre, sostingut per muntants d&#8217;acer que fan la impressi\u00f3 de flotar. superior, que incorpora un sistema de refor\u00e7os d&#8217;acer, que permet una distribuci\u00f3 del pes uniforme. Aquesta obra \u00e9s un clar reflex de la filosofia de Nouvel de crear peces que complementin la seva aproximaci\u00f3 arquitect\u00f2nica, oferint un disseny sofisticat i funcional, adaptat als espais contemporanis.   <\/p>\n","protected":false},"excerpt":{"rendered":"<p>Jean Nouvel presenta una innovadora llibreria penjada, composta per un \u00fanic prestatge ancorat a la paret o al sostre, sostingut per muntants d&#8217;acer que fan la impressi\u00f3 de flotar. superior, que incorpora un sistema de refor\u00e7os d&#8217;acer, que permet una distribuci\u00f3 del pes uniforme. Aquesta obra \u00e9s un clar reflex de la filosofia de Nouvel&#8230;<\/p>\n","protected":false},"featured_media":3856,"comment_status":"open","ping_status":"closed","template":"","meta":{"_acf_changed":false},"product_brand":[],"product_cat":[193,172],"product_tag":[],"class_list":{"0":"post-5689","1":"product","2":"type-product","3":"status-publish","4":"has-post-thumbnail","6":"product_cat-llibreries","7":"product_cat-mobles-dinterior","9":"first","10":"instock","11":"sold-individually","12":"shipping-taxable","13":"purchasable","14":"product-type-simple"},"acf":[],"yoast_head":"<!-- This site is optimized with the Yoast SEO plugin v27.2 - https:\/\/yoast.com\/product\/yoast-seo-wordpress\/ -->\n<title>Llibreria Graduate de Molteni&amp;C | Corsobori<\/title>\n<meta name=\"robots\" content=\"index, follow, max-snippet:-1, max-image-preview:large, max-video-preview:-1\" \/>\n<link rel=\"canonical\" href=\"https:\/\/www.corsobori.com\/ca\/tienda\/p\/llibreria-graduate\/\" \/>\n<meta property=\"og:locale\" content=\"ca_ES\" \/>\n<meta property=\"og:type\" content=\"article\" \/>\n<meta property=\"og:title\" content=\"Llibreria Graduate de Molteni&amp;C | Corsobori\" \/>\n<meta property=\"og:description\" content=\"Jean Nouvel presenta una innovadora llibreria penjada, composta per un \u00fanic prestatge ancorat a la paret o al sostre, sostingut per muntants d&#8217;acer que fan la impressi\u00f3 de flotar. superior, que incorpora un sistema de refor\u00e7os d&#8217;acer, que permet una distribuci\u00f3 del pes uniforme. Aquesta obra \u00e9s un clar reflex de la filosofia de Nouvel...\" \/>\n<meta property=\"og:url\" content=\"https:\/\/www.corsobori.com\/ca\/tienda\/p\/llibreria-graduate\/\" \/>\n<meta property=\"og:site_name\" content=\"corsobori.com\" \/>\n<meta property=\"og:image\" content=\"https:\/\/www.corsobori.com\/wp-content\/uploads\/2024\/12\/4_3-Gaduate.jpg\" \/>\n\t<meta property=\"og:image:width\" content=\"1440\" \/>\n\t<meta property=\"og:image:height\" content=\"1080\" \/>\n\t<meta property=\"og:image:type\" content=\"image\/jpeg\" \/>\n<meta name=\"twitter:card\" content=\"summary_large_image\" \/>\n<!-- \/ Yoast SEO plugin. -->","yoast_head_json":{"title":"Llibreria Graduate de Molteni&C | Corsobori","robots":{"index":"index","follow":"follow","max-snippet":"max-snippet:-1","max-image-preview":"max-image-preview:large","max-video-preview":"max-video-preview:-1"},"canonical":"https:\/\/www.corsobori.com\/ca\/tienda\/p\/llibreria-graduate\/","og_locale":"ca_ES","og_type":"article","og_title":"Llibreria Graduate de Molteni&C | Corsobori","og_description":"Jean Nouvel presenta una innovadora llibreria penjada, composta per un \u00fanic prestatge ancorat a la paret o al sostre, sostingut per muntants d&#8217;acer que fan la impressi\u00f3 de flotar. superior, que incorpora un sistema de refor\u00e7os d&#8217;acer, que permet una distribuci\u00f3 del pes uniforme. Aquesta obra \u00e9s un clar reflex de la filosofia de Nouvel...","og_url":"https:\/\/www.corsobori.com\/ca\/tienda\/p\/llibreria-graduate\/","og_site_name":"corsobori.com","og_image":[{"width":1440,"height":1080,"url":"https:\/\/www.corsobori.com\/wp-content\/uploads\/2024\/12\/4_3-Gaduate.jpg","type":"image\/jpeg"}],"twitter_card":"summary_large_image","schema":{"@context":"https:\/\/schema.org","@graph":[{"@type":"WebPage","@id":"https:\/\/www.corsobori.com\/ca\/tienda\/p\/llibreria-graduate\/","url":"https:\/\/www.corsobori.com\/ca\/tienda\/p\/llibreria-graduate\/","name":"Llibreria Graduate de Molteni&C | Corsobori","isPartOf":{"@id":"https:\/\/www.corsobori.com\/ca\/#website"},"primaryImageOfPage":{"@id":"https:\/\/www.corsobori.com\/ca\/tienda\/p\/llibreria-graduate\/#primaryimage"},"image":{"@id":"https:\/\/www.corsobori.com\/ca\/tienda\/p\/llibreria-graduate\/#primaryimage"},"thumbnailUrl":"https:\/\/www.corsobori.com\/wp-content\/uploads\/2024\/12\/4_3-Gaduate.jpg","datePublished":"2024-12-18T15:18:14+00:00","breadcrumb":{"@id":"https:\/\/www.corsobori.com\/ca\/tienda\/p\/llibreria-graduate\/#breadcrumb"},"inLanguage":"ca","potentialAction":[{"@type":"ReadAction","target":["https:\/\/www.corsobori.com\/ca\/tienda\/p\/llibreria-graduate\/"]}]},{"@type":"ImageObject","inLanguage":"ca","@id":"https:\/\/www.corsobori.com\/ca\/tienda\/p\/llibreria-graduate\/#primaryimage","url":"https:\/\/www.corsobori.com\/wp-content\/uploads\/2024\/12\/4_3-Gaduate.jpg","contentUrl":"https:\/\/www.corsobori.com\/wp-content\/uploads\/2024\/12\/4_3-Gaduate.jpg","width":1440,"height":1080},{"@type":"BreadcrumbList","@id":"https:\/\/www.corsobori.com\/ca\/tienda\/p\/llibreria-graduate\/#breadcrumb","itemListElement":[{"@type":"ListItem","position":1,"name":"Portada","item":"https:\/\/www.corsobori.com\/ca\/inici\/"},{"@type":"ListItem","position":2,"name":"Botiga","item":"https:\/\/www.corsobori.com\/ca\/botiga\/"},{"@type":"ListItem","position":3,"name":"Llibreria Graduate"}]},{"@type":"WebSite","@id":"https:\/\/www.corsobori.com\/ca\/#website","url":"https:\/\/www.corsobori.com\/ca\/","name":"Corsobori","description":"","publisher":{"@id":"https:\/\/www.corsobori.com\/ca\/#organization"},"potentialAction":[{"@type":"SearchAction","target":{"@type":"EntryPoint","urlTemplate":"https:\/\/www.corsobori.com\/ca\/?s={search_term_string}"},"query-input":{"@type":"PropertyValueSpecification","valueRequired":true,"valueName":"search_term_string"}}],"inLanguage":"ca"},{"@type":"Organization","@id":"https:\/\/www.corsobori.com\/ca\/#organization","name":"Corsobori","url":"https:\/\/www.corsobori.com\/ca\/","logo":{"@type":"ImageObject","inLanguage":"ca","@id":"https:\/\/www.corsobori.com\/ca\/#\/schema\/logo\/image\/","url":"https:\/\/www.corsobori.com\/wp-content\/uploads\/2024\/08\/logo-corsobori.png","contentUrl":"https:\/\/www.corsobori.com\/wp-content\/uploads\/2024\/08\/logo-corsobori.png","width":1210,"height":146,"caption":"Corsobori"},"image":{"@id":"https:\/\/www.corsobori.com\/ca\/#\/schema\/logo\/image\/"}}]}},"_links":{"self":[{"href":"https:\/\/www.corsobori.com\/ca\/wp-json\/wp\/v2\/product\/5689","targetHints":{"allow":["GET"]}}],"collection":[{"href":"https:\/\/www.corsobori.com\/ca\/wp-json\/wp\/v2\/product"}],"about":[{"href":"https:\/\/www.corsobori.com\/ca\/wp-json\/wp\/v2\/types\/product"}],"replies":[{"embeddable":true,"href":"https:\/\/www.corsobori.com\/ca\/wp-json\/wp\/v2\/comments?post=5689"}],"wp:featuredmedia":[{"embeddable":true,"href":"https:\/\/www.corsobori.com\/ca\/wp-json\/wp\/v2\/media\/3856"}],"wp:attachment":[{"href":"https:\/\/www.corsobori.com\/ca\/wp-json\/wp\/v2\/media?parent=5689"}],"wp:term":[{"taxonomy":"product_brand","embeddable":true,"href":"https:\/\/www.corsobori.com\/ca\/wp-json\/wp\/v2\/product_brand?post=5689"},{"taxonomy":"product_cat","embeddable":true,"href":"https:\/\/www.corsobori.com\/ca\/wp-json\/wp\/v2\/product_cat?post=5689"},{"taxonomy":"product_tag","embeddable":true,"href":"https:\/\/www.corsobori.com\/ca\/wp-json\/wp\/v2\/product_tag?post=5689"}],"curies":[{"name":"wp","href":"https:\/\/api.w.org\/{rel}","templated":true}]}}