{"id":5680,"date":"2024-12-18T16:17:31","date_gmt":"2024-12-18T15:17:31","guid":{"rendered":"https:\/\/www.corsobori.com\/tienda\/p\/catifa-dedalo\/"},"modified":"2024-12-18T16:17:31","modified_gmt":"2024-12-18T15:17:31","slug":"catifa-dedalo","status":"publish","type":"product","link":"https:\/\/www.corsobori.com\/ca\/tienda\/p\/catifa-dedalo\/","title":{"rendered":"Catifa Dedalo de Molteni&#038;C"},"content":{"rendered":"<p>La catifa &#8216;Dedalo&#8217; destaca per la seva geometria rigorosa i els seus colors refinats, que es converteixen en protagonistes del disseny, integrant-se harmoniosament al concepte contemporani de la llar. Aquesta pe\u00e7a representa la primera col\u00b7laboraci\u00f3 amb la reconeguda Maison Pierre Frey, l\u00edder en la producci\u00f3 de luxosos teixits per a cortines i tapisseria. Fabricada amb una barreja de llana i tencel, la catifa ofereix una suavitat extrema acompanyada de gran resist\u00e8ncia i elasticitat, assegurant un resultat vers\u00e0til, durador i d&#8217;alta qualitat. Dissenyada per Marta Ferri, que prov\u00e9 d&#8217;una fam\u00edlia vinculada a l&#8217;art i la decoraci\u00f3, la &#8216;Dedalo&#8217; reflecteix la passi\u00f3 pels colors i les atmosferes.   <\/p>\n","protected":false},"excerpt":{"rendered":"<p>La catifa &#8216;Dedalo&#8217; destaca per la seva geometria rigorosa i els seus colors refinats, que es converteixen en protagonistes del disseny, integrant-se harmoniosament al concepte contemporani de la llar. Aquesta pe\u00e7a representa la primera col\u00b7laboraci\u00f3 amb la reconeguda Maison Pierre Frey, l\u00edder en la producci\u00f3 de luxosos teixits per a cortines i tapisseria. Fabricada amb&#8230;<\/p>\n","protected":false},"featured_media":4660,"comment_status":"open","ping_status":"closed","template":"","meta":{"_acf_changed":false},"product_brand":[],"product_cat":[188,172],"product_tag":[],"class_list":{"0":"post-5680","1":"product","2":"type-product","3":"status-publish","4":"has-post-thumbnail","6":"product_cat-catifes","7":"product_cat-mobles-dinterior","9":"first","10":"instock","11":"sold-individually","12":"shipping-taxable","13":"purchasable","14":"product-type-simple"},"acf":[],"yoast_head":"<!-- This site is optimized with the Yoast SEO plugin v27.2 - https:\/\/yoast.com\/product\/yoast-seo-wordpress\/ -->\n<title>Catifa Dedalo de Molteni&amp;C | Corsobori<\/title>\n<meta name=\"robots\" content=\"index, follow, max-snippet:-1, max-image-preview:large, max-video-preview:-1\" \/>\n<link rel=\"canonical\" href=\"https:\/\/www.corsobori.com\/ca\/tienda\/p\/catifa-dedalo\/\" \/>\n<meta property=\"og:locale\" content=\"ca_ES\" \/>\n<meta property=\"og:type\" content=\"article\" \/>\n<meta property=\"og:title\" content=\"Catifa Dedalo de Molteni&amp;C | Corsobori\" \/>\n<meta property=\"og:description\" content=\"La catifa &#8216;Dedalo&#8217; destaca per la seva geometria rigorosa i els seus colors refinats, que es converteixen en protagonistes del disseny, integrant-se harmoniosament al concepte contemporani de la llar. Aquesta pe\u00e7a representa la primera col\u00b7laboraci\u00f3 amb la reconeguda Maison Pierre Frey, l\u00edder en la producci\u00f3 de luxosos teixits per a cortines i tapisseria. Fabricada amb...\" \/>\n<meta property=\"og:url\" content=\"https:\/\/www.corsobori.com\/ca\/tienda\/p\/catifa-dedalo\/\" \/>\n<meta property=\"og:site_name\" content=\"corsobori.com\" \/>\n<meta property=\"og:image\" content=\"https:\/\/www.corsobori.com\/wp-content\/uploads\/2024\/12\/4_3_dedalo.jpg\" \/>\n\t<meta property=\"og:image:width\" content=\"1440\" \/>\n\t<meta property=\"og:image:height\" content=\"1080\" \/>\n\t<meta property=\"og:image:type\" content=\"image\/jpeg\" \/>\n<meta name=\"twitter:card\" content=\"summary_large_image\" \/>\n<meta name=\"twitter:label1\" content=\"Temps estimat de lectura\" \/>\n\t<meta name=\"twitter:data1\" content=\"1 minut\" \/>\n<!-- \/ Yoast SEO plugin. -->","yoast_head_json":{"title":"Catifa Dedalo de Molteni&C | Corsobori","robots":{"index":"index","follow":"follow","max-snippet":"max-snippet:-1","max-image-preview":"max-image-preview:large","max-video-preview":"max-video-preview:-1"},"canonical":"https:\/\/www.corsobori.com\/ca\/tienda\/p\/catifa-dedalo\/","og_locale":"ca_ES","og_type":"article","og_title":"Catifa Dedalo de Molteni&C | Corsobori","og_description":"La catifa &#8216;Dedalo&#8217; destaca per la seva geometria rigorosa i els seus colors refinats, que es converteixen en protagonistes del disseny, integrant-se harmoniosament al concepte contemporani de la llar. Aquesta pe\u00e7a representa la primera col\u00b7laboraci\u00f3 amb la reconeguda Maison Pierre Frey, l\u00edder en la producci\u00f3 de luxosos teixits per a cortines i tapisseria. Fabricada amb...","og_url":"https:\/\/www.corsobori.com\/ca\/tienda\/p\/catifa-dedalo\/","og_site_name":"corsobori.com","og_image":[{"width":1440,"height":1080,"url":"https:\/\/www.corsobori.com\/wp-content\/uploads\/2024\/12\/4_3_dedalo.jpg","type":"image\/jpeg"}],"twitter_card":"summary_large_image","twitter_misc":{"Temps estimat de lectura":"1 minut"},"schema":{"@context":"https:\/\/schema.org","@graph":[{"@type":"WebPage","@id":"https:\/\/www.corsobori.com\/ca\/tienda\/p\/catifa-dedalo\/","url":"https:\/\/www.corsobori.com\/ca\/tienda\/p\/catifa-dedalo\/","name":"Catifa Dedalo de Molteni&C | Corsobori","isPartOf":{"@id":"https:\/\/www.corsobori.com\/ca\/#website"},"primaryImageOfPage":{"@id":"https:\/\/www.corsobori.com\/ca\/tienda\/p\/catifa-dedalo\/#primaryimage"},"image":{"@id":"https:\/\/www.corsobori.com\/ca\/tienda\/p\/catifa-dedalo\/#primaryimage"},"thumbnailUrl":"https:\/\/www.corsobori.com\/wp-content\/uploads\/2024\/12\/4_3_dedalo.jpg","datePublished":"2024-12-18T15:17:31+00:00","breadcrumb":{"@id":"https:\/\/www.corsobori.com\/ca\/tienda\/p\/catifa-dedalo\/#breadcrumb"},"inLanguage":"ca","potentialAction":[{"@type":"ReadAction","target":["https:\/\/www.corsobori.com\/ca\/tienda\/p\/catifa-dedalo\/"]}]},{"@type":"ImageObject","inLanguage":"ca","@id":"https:\/\/www.corsobori.com\/ca\/tienda\/p\/catifa-dedalo\/#primaryimage","url":"https:\/\/www.corsobori.com\/wp-content\/uploads\/2024\/12\/4_3_dedalo.jpg","contentUrl":"https:\/\/www.corsobori.com\/wp-content\/uploads\/2024\/12\/4_3_dedalo.jpg","width":1440,"height":1080},{"@type":"BreadcrumbList","@id":"https:\/\/www.corsobori.com\/ca\/tienda\/p\/catifa-dedalo\/#breadcrumb","itemListElement":[{"@type":"ListItem","position":1,"name":"Portada","item":"https:\/\/www.corsobori.com\/ca\/inici\/"},{"@type":"ListItem","position":2,"name":"Botiga","item":"https:\/\/www.corsobori.com\/ca\/botiga\/"},{"@type":"ListItem","position":3,"name":"Catifa Dedalo"}]},{"@type":"WebSite","@id":"https:\/\/www.corsobori.com\/ca\/#website","url":"https:\/\/www.corsobori.com\/ca\/","name":"Corsobori","description":"","publisher":{"@id":"https:\/\/www.corsobori.com\/ca\/#organization"},"potentialAction":[{"@type":"SearchAction","target":{"@type":"EntryPoint","urlTemplate":"https:\/\/www.corsobori.com\/ca\/?s={search_term_string}"},"query-input":{"@type":"PropertyValueSpecification","valueRequired":true,"valueName":"search_term_string"}}],"inLanguage":"ca"},{"@type":"Organization","@id":"https:\/\/www.corsobori.com\/ca\/#organization","name":"Corsobori","url":"https:\/\/www.corsobori.com\/ca\/","logo":{"@type":"ImageObject","inLanguage":"ca","@id":"https:\/\/www.corsobori.com\/ca\/#\/schema\/logo\/image\/","url":"https:\/\/www.corsobori.com\/wp-content\/uploads\/2024\/08\/logo-corsobori.png","contentUrl":"https:\/\/www.corsobori.com\/wp-content\/uploads\/2024\/08\/logo-corsobori.png","width":1210,"height":146,"caption":"Corsobori"},"image":{"@id":"https:\/\/www.corsobori.com\/ca\/#\/schema\/logo\/image\/"}}]}},"_links":{"self":[{"href":"https:\/\/www.corsobori.com\/ca\/wp-json\/wp\/v2\/product\/5680","targetHints":{"allow":["GET"]}}],"collection":[{"href":"https:\/\/www.corsobori.com\/ca\/wp-json\/wp\/v2\/product"}],"about":[{"href":"https:\/\/www.corsobori.com\/ca\/wp-json\/wp\/v2\/types\/product"}],"replies":[{"embeddable":true,"href":"https:\/\/www.corsobori.com\/ca\/wp-json\/wp\/v2\/comments?post=5680"}],"wp:featuredmedia":[{"embeddable":true,"href":"https:\/\/www.corsobori.com\/ca\/wp-json\/wp\/v2\/media\/4660"}],"wp:attachment":[{"href":"https:\/\/www.corsobori.com\/ca\/wp-json\/wp\/v2\/media?parent=5680"}],"wp:term":[{"taxonomy":"product_brand","embeddable":true,"href":"https:\/\/www.corsobori.com\/ca\/wp-json\/wp\/v2\/product_brand?post=5680"},{"taxonomy":"product_cat","embeddable":true,"href":"https:\/\/www.corsobori.com\/ca\/wp-json\/wp\/v2\/product_cat?post=5680"},{"taxonomy":"product_tag","embeddable":true,"href":"https:\/\/www.corsobori.com\/ca\/wp-json\/wp\/v2\/product_tag?post=5680"}],"curies":[{"name":"wp","href":"https:\/\/api.w.org\/{rel}","templated":true}]}}