{"id":5676,"date":"2024-12-18T16:18:38","date_gmt":"2024-12-18T15:18:38","guid":{"rendered":"https:\/\/www.corsobori.com\/tienda\/p\/butaca-exterior-phoenix\/"},"modified":"2024-12-18T16:18:38","modified_gmt":"2024-12-18T15:18:38","slug":"butaca-exterior-phoenix","status":"publish","type":"product","link":"https:\/\/www.corsobori.com\/ca\/tienda\/p\/butaca-exterior-phoenix\/","title":{"rendered":"Butaca Exterior Phoenix de Molteni&#038;C"},"content":{"rendered":"<p>La Col\u00b7lecci\u00f3 Timeout es distingeix per la seva \u00e0mplia gamma de seients, que inclou un sof\u00e0 de dos coixins, una butaca generosa i una cadira esvelta, tots amb opcions de recolzabra\u00e7os. El seu disseny ergon\u00f2mic es complementa amb una estructura de banda d&#8217;alumini pintat brunyit, que defineix din\u00e0micament el respatller i les potes. La coberta de corda de polipropil\u00e8, elaborada a m\u00e0 en colors antracita, verd oliva i groc desert, afegeix un toc artesanal. A m\u00e9s dels seients, la col\u00b7lecci\u00f3 ofereix taules de menjador, tamborets, gandules i bancs. Creada per Vincent Van Duysen, arquitecte belga conegut pel seu enfocament que integra interiorisme i arquitectura, la col\u00b7lecci\u00f3 reflecteix una atenci\u00f3 profunda a l&#8217;espai i un disseny de gran puresa i solidesa.    <\/p>\n","protected":false},"excerpt":{"rendered":"<p>La Col\u00b7lecci\u00f3 Timeout es distingeix per la seva \u00e0mplia gamma de seients, que inclou un sof\u00e0 de dos coixins, una butaca generosa i una cadira esvelta, tots amb opcions de recolzabra\u00e7os. El seu disseny ergon\u00f2mic es complementa amb una estructura de banda d&#8217;alumini pintat brunyit, que defineix din\u00e0micament el respatller i les potes. La coberta&#8230;<\/p>\n","protected":false},"featured_media":3406,"comment_status":"open","ping_status":"closed","template":"","meta":{"_acf_changed":false},"product_brand":[],"product_cat":[187,169],"product_tag":[],"class_list":{"0":"post-5676","1":"product","2":"type-product","3":"status-publish","4":"has-post-thumbnail","6":"product_cat-butaques-dexterior","7":"product_cat-mobles-exterior","9":"first","10":"instock","11":"sold-individually","12":"shipping-taxable","13":"purchasable","14":"product-type-simple"},"acf":[],"yoast_head":"<!-- This site is optimized with the Yoast SEO plugin v27.2 - https:\/\/yoast.com\/product\/yoast-seo-wordpress\/ -->\n<title>Butaca exterior Phoenix de Molteni&amp;C | Corsobori<\/title>\n<meta name=\"robots\" content=\"index, follow, max-snippet:-1, max-image-preview:large, max-video-preview:-1\" \/>\n<link rel=\"canonical\" href=\"https:\/\/www.corsobori.com\/ca\/tienda\/p\/butaca-exterior-phoenix\/\" \/>\n<meta property=\"og:locale\" content=\"ca_ES\" \/>\n<meta property=\"og:type\" content=\"article\" \/>\n<meta property=\"og:title\" content=\"Butaca exterior Phoenix de Molteni&amp;C | Corsobori\" \/>\n<meta property=\"og:description\" content=\"La Col\u00b7lecci\u00f3 Timeout es distingeix per la seva \u00e0mplia gamma de seients, que inclou un sof\u00e0 de dos coixins, una butaca generosa i una cadira esvelta, tots amb opcions de recolzabra\u00e7os. El seu disseny ergon\u00f2mic es complementa amb una estructura de banda d&#8217;alumini pintat brunyit, que defineix din\u00e0micament el respatller i les potes. La coberta...\" \/>\n<meta property=\"og:url\" content=\"https:\/\/www.corsobori.com\/ca\/tienda\/p\/butaca-exterior-phoenix\/\" \/>\n<meta property=\"og:site_name\" content=\"corsobori.com\" \/>\n<meta property=\"og:image\" content=\"https:\/\/www.corsobori.com\/wp-content\/uploads\/2024\/12\/4_3_phoenix_01_new.jpg\" \/>\n\t<meta property=\"og:image:width\" content=\"1440\" \/>\n\t<meta property=\"og:image:height\" content=\"1080\" \/>\n\t<meta property=\"og:image:type\" content=\"image\/jpeg\" \/>\n<meta name=\"twitter:card\" content=\"summary_large_image\" \/>\n<meta name=\"twitter:label1\" content=\"Temps estimat de lectura\" \/>\n\t<meta name=\"twitter:data1\" content=\"1 minut\" \/>\n<!-- \/ Yoast SEO plugin. -->","yoast_head_json":{"title":"Butaca exterior Phoenix de Molteni&C | Corsobori","robots":{"index":"index","follow":"follow","max-snippet":"max-snippet:-1","max-image-preview":"max-image-preview:large","max-video-preview":"max-video-preview:-1"},"canonical":"https:\/\/www.corsobori.com\/ca\/tienda\/p\/butaca-exterior-phoenix\/","og_locale":"ca_ES","og_type":"article","og_title":"Butaca exterior Phoenix de Molteni&C | Corsobori","og_description":"La Col\u00b7lecci\u00f3 Timeout es distingeix per la seva \u00e0mplia gamma de seients, que inclou un sof\u00e0 de dos coixins, una butaca generosa i una cadira esvelta, tots amb opcions de recolzabra\u00e7os. El seu disseny ergon\u00f2mic es complementa amb una estructura de banda d&#8217;alumini pintat brunyit, que defineix din\u00e0micament el respatller i les potes. La coberta...","og_url":"https:\/\/www.corsobori.com\/ca\/tienda\/p\/butaca-exterior-phoenix\/","og_site_name":"corsobori.com","og_image":[{"width":1440,"height":1080,"url":"https:\/\/www.corsobori.com\/wp-content\/uploads\/2024\/12\/4_3_phoenix_01_new.jpg","type":"image\/jpeg"}],"twitter_card":"summary_large_image","twitter_misc":{"Temps estimat de lectura":"1 minut"},"schema":{"@context":"https:\/\/schema.org","@graph":[{"@type":"WebPage","@id":"https:\/\/www.corsobori.com\/ca\/tienda\/p\/butaca-exterior-phoenix\/","url":"https:\/\/www.corsobori.com\/ca\/tienda\/p\/butaca-exterior-phoenix\/","name":"Butaca exterior Phoenix de Molteni&C | Corsobori","isPartOf":{"@id":"https:\/\/www.corsobori.com\/ca\/#website"},"primaryImageOfPage":{"@id":"https:\/\/www.corsobori.com\/ca\/tienda\/p\/butaca-exterior-phoenix\/#primaryimage"},"image":{"@id":"https:\/\/www.corsobori.com\/ca\/tienda\/p\/butaca-exterior-phoenix\/#primaryimage"},"thumbnailUrl":"https:\/\/www.corsobori.com\/wp-content\/uploads\/2024\/12\/4_3_phoenix_01_new.jpg","datePublished":"2024-12-18T15:18:38+00:00","breadcrumb":{"@id":"https:\/\/www.corsobori.com\/ca\/tienda\/p\/butaca-exterior-phoenix\/#breadcrumb"},"inLanguage":"ca","potentialAction":[{"@type":"ReadAction","target":["https:\/\/www.corsobori.com\/ca\/tienda\/p\/butaca-exterior-phoenix\/"]}]},{"@type":"ImageObject","inLanguage":"ca","@id":"https:\/\/www.corsobori.com\/ca\/tienda\/p\/butaca-exterior-phoenix\/#primaryimage","url":"https:\/\/www.corsobori.com\/wp-content\/uploads\/2024\/12\/4_3_phoenix_01_new.jpg","contentUrl":"https:\/\/www.corsobori.com\/wp-content\/uploads\/2024\/12\/4_3_phoenix_01_new.jpg","width":1440,"height":1080},{"@type":"BreadcrumbList","@id":"https:\/\/www.corsobori.com\/ca\/tienda\/p\/butaca-exterior-phoenix\/#breadcrumb","itemListElement":[{"@type":"ListItem","position":1,"name":"Portada","item":"https:\/\/www.corsobori.com\/ca\/inici\/"},{"@type":"ListItem","position":2,"name":"Botiga","item":"https:\/\/www.corsobori.com\/ca\/botiga\/"},{"@type":"ListItem","position":3,"name":"Butaca Exterior Phoenix"}]},{"@type":"WebSite","@id":"https:\/\/www.corsobori.com\/ca\/#website","url":"https:\/\/www.corsobori.com\/ca\/","name":"Corsobori","description":"","publisher":{"@id":"https:\/\/www.corsobori.com\/ca\/#organization"},"potentialAction":[{"@type":"SearchAction","target":{"@type":"EntryPoint","urlTemplate":"https:\/\/www.corsobori.com\/ca\/?s={search_term_string}"},"query-input":{"@type":"PropertyValueSpecification","valueRequired":true,"valueName":"search_term_string"}}],"inLanguage":"ca"},{"@type":"Organization","@id":"https:\/\/www.corsobori.com\/ca\/#organization","name":"Corsobori","url":"https:\/\/www.corsobori.com\/ca\/","logo":{"@type":"ImageObject","inLanguage":"ca","@id":"https:\/\/www.corsobori.com\/ca\/#\/schema\/logo\/image\/","url":"https:\/\/www.corsobori.com\/wp-content\/uploads\/2024\/08\/logo-corsobori.png","contentUrl":"https:\/\/www.corsobori.com\/wp-content\/uploads\/2024\/08\/logo-corsobori.png","width":1210,"height":146,"caption":"Corsobori"},"image":{"@id":"https:\/\/www.corsobori.com\/ca\/#\/schema\/logo\/image\/"}}]}},"_links":{"self":[{"href":"https:\/\/www.corsobori.com\/ca\/wp-json\/wp\/v2\/product\/5676","targetHints":{"allow":["GET"]}}],"collection":[{"href":"https:\/\/www.corsobori.com\/ca\/wp-json\/wp\/v2\/product"}],"about":[{"href":"https:\/\/www.corsobori.com\/ca\/wp-json\/wp\/v2\/types\/product"}],"replies":[{"embeddable":true,"href":"https:\/\/www.corsobori.com\/ca\/wp-json\/wp\/v2\/comments?post=5676"}],"wp:featuredmedia":[{"embeddable":true,"href":"https:\/\/www.corsobori.com\/ca\/wp-json\/wp\/v2\/media\/3406"}],"wp:attachment":[{"href":"https:\/\/www.corsobori.com\/ca\/wp-json\/wp\/v2\/media?parent=5676"}],"wp:term":[{"taxonomy":"product_brand","embeddable":true,"href":"https:\/\/www.corsobori.com\/ca\/wp-json\/wp\/v2\/product_brand?post=5676"},{"taxonomy":"product_cat","embeddable":true,"href":"https:\/\/www.corsobori.com\/ca\/wp-json\/wp\/v2\/product_cat?post=5676"},{"taxonomy":"product_tag","embeddable":true,"href":"https:\/\/www.corsobori.com\/ca\/wp-json\/wp\/v2\/product_tag?post=5676"}],"curies":[{"name":"wp","href":"https:\/\/api.w.org\/{rel}","templated":true}]}}