{"id":5675,"date":"2024-12-18T16:18:37","date_gmt":"2024-12-18T15:18:37","guid":{"rendered":"https:\/\/www.corsobori.com\/tienda\/p\/butaca-exterior-petalo\/"},"modified":"2024-12-18T16:18:37","modified_gmt":"2024-12-18T15:18:37","slug":"butaca-exterior-petalo","status":"publish","type":"product","link":"https:\/\/www.corsobori.com\/ca\/tienda\/p\/butaca-exterior-petalo\/","title":{"rendered":"Butaca Exterior Petalo de Molteni&#038;C"},"content":{"rendered":"<p>La butaca Petalo, dissenyada per Vincent Van Duysen, enriqueix la col\u00b7lecci\u00f3 Outdoor Timeout amb els seus suaus corbes i seients envoltants, creant atmosferes exteriors elegants. Amb una base dalumini en un distintiu color vermell merlot, reflecteix el comprom\u00eds del Grup Molteni amb la sostenibilitat. El respatller, disponible en versions alta i baixa, presenta cintes de polipropil\u00e8 que aporten un toc n\u00e0utic, resistent a l&#8217;aigua ia climes adversos. El coix\u00ed del seient s&#8217;adapta a diverses necessitats est\u00e8tiques i ergon\u00f2miques, sent la versi\u00f3 de respatller baix decorada amb coixins petits i l&#8217;alta amb un coix\u00ed radial que augmenta la comoditat. A m\u00e9s, un puf complementa la butaca millorant l&#8217;experi\u00e8ncia a l&#8217;aire lliure. Petalo \u00e9s una celebraci\u00f3 del disseny, la comoditat i la sostenibilitat.     <\/p>\n","protected":false},"excerpt":{"rendered":"<p>La butaca Petalo, dissenyada per Vincent Van Duysen, enriqueix la col\u00b7lecci\u00f3 Outdoor Timeout amb els seus suaus corbes i seients envoltants, creant atmosferes exteriors elegants. Amb una base dalumini en un distintiu color vermell merlot, reflecteix el comprom\u00eds del Grup Molteni amb la sostenibilitat. El respatller, disponible en versions alta i baixa, presenta cintes de&#8230;<\/p>\n","protected":false},"featured_media":3396,"comment_status":"open","ping_status":"closed","template":"","meta":{"_acf_changed":false},"product_brand":[],"product_cat":[187,169],"product_tag":[],"class_list":{"0":"post-5675","1":"product","2":"type-product","3":"status-publish","4":"has-post-thumbnail","6":"product_cat-butaques-dexterior","7":"product_cat-mobles-exterior","9":"first","10":"instock","11":"sold-individually","12":"shipping-taxable","13":"purchasable","14":"product-type-simple"},"acf":[],"yoast_head":"<!-- This site is optimized with the Yoast SEO plugin v27.2 - https:\/\/yoast.com\/product\/yoast-seo-wordpress\/ -->\n<title>Butaca Exterior Petalo de Molteni&amp;C | Corsobori<\/title>\n<meta name=\"robots\" content=\"index, follow, max-snippet:-1, max-image-preview:large, max-video-preview:-1\" \/>\n<link rel=\"canonical\" href=\"https:\/\/www.corsobori.com\/ca\/tienda\/p\/butaca-exterior-petalo\/\" \/>\n<meta property=\"og:locale\" content=\"ca_ES\" \/>\n<meta property=\"og:type\" content=\"article\" \/>\n<meta property=\"og:title\" content=\"Butaca Exterior Petalo de Molteni&amp;C | Corsobori\" \/>\n<meta property=\"og:description\" content=\"La butaca Petalo, dissenyada per Vincent Van Duysen, enriqueix la col\u00b7lecci\u00f3 Outdoor Timeout amb els seus suaus corbes i seients envoltants, creant atmosferes exteriors elegants. Amb una base dalumini en un distintiu color vermell merlot, reflecteix el comprom\u00eds del Grup Molteni amb la sostenibilitat. El respatller, disponible en versions alta i baixa, presenta cintes de...\" \/>\n<meta property=\"og:url\" content=\"https:\/\/www.corsobori.com\/ca\/tienda\/p\/butaca-exterior-petalo\/\" \/>\n<meta property=\"og:site_name\" content=\"corsobori.com\" \/>\n<meta property=\"og:image\" content=\"https:\/\/www.corsobori.com\/wp-content\/uploads\/2024\/12\/4_3_petalo_01.jpg\" \/>\n\t<meta property=\"og:image:width\" content=\"1440\" \/>\n\t<meta property=\"og:image:height\" content=\"1080\" \/>\n\t<meta property=\"og:image:type\" content=\"image\/jpeg\" \/>\n<meta name=\"twitter:card\" content=\"summary_large_image\" \/>\n<meta name=\"twitter:label1\" content=\"Temps estimat de lectura\" \/>\n\t<meta name=\"twitter:data1\" content=\"1 minut\" \/>\n<!-- \/ Yoast SEO plugin. -->","yoast_head_json":{"title":"Butaca Exterior Petalo de Molteni&C | Corsobori","robots":{"index":"index","follow":"follow","max-snippet":"max-snippet:-1","max-image-preview":"max-image-preview:large","max-video-preview":"max-video-preview:-1"},"canonical":"https:\/\/www.corsobori.com\/ca\/tienda\/p\/butaca-exterior-petalo\/","og_locale":"ca_ES","og_type":"article","og_title":"Butaca Exterior Petalo de Molteni&C | Corsobori","og_description":"La butaca Petalo, dissenyada per Vincent Van Duysen, enriqueix la col\u00b7lecci\u00f3 Outdoor Timeout amb els seus suaus corbes i seients envoltants, creant atmosferes exteriors elegants. Amb una base dalumini en un distintiu color vermell merlot, reflecteix el comprom\u00eds del Grup Molteni amb la sostenibilitat. El respatller, disponible en versions alta i baixa, presenta cintes de...","og_url":"https:\/\/www.corsobori.com\/ca\/tienda\/p\/butaca-exterior-petalo\/","og_site_name":"corsobori.com","og_image":[{"width":1440,"height":1080,"url":"https:\/\/www.corsobori.com\/wp-content\/uploads\/2024\/12\/4_3_petalo_01.jpg","type":"image\/jpeg"}],"twitter_card":"summary_large_image","twitter_misc":{"Temps estimat de lectura":"1 minut"},"schema":{"@context":"https:\/\/schema.org","@graph":[{"@type":"WebPage","@id":"https:\/\/www.corsobori.com\/ca\/tienda\/p\/butaca-exterior-petalo\/","url":"https:\/\/www.corsobori.com\/ca\/tienda\/p\/butaca-exterior-petalo\/","name":"Butaca Exterior Petalo de Molteni&C | Corsobori","isPartOf":{"@id":"https:\/\/www.corsobori.com\/ca\/#website"},"primaryImageOfPage":{"@id":"https:\/\/www.corsobori.com\/ca\/tienda\/p\/butaca-exterior-petalo\/#primaryimage"},"image":{"@id":"https:\/\/www.corsobori.com\/ca\/tienda\/p\/butaca-exterior-petalo\/#primaryimage"},"thumbnailUrl":"https:\/\/www.corsobori.com\/wp-content\/uploads\/2024\/12\/4_3_petalo_01.jpg","datePublished":"2024-12-18T15:18:37+00:00","breadcrumb":{"@id":"https:\/\/www.corsobori.com\/ca\/tienda\/p\/butaca-exterior-petalo\/#breadcrumb"},"inLanguage":"ca","potentialAction":[{"@type":"ReadAction","target":["https:\/\/www.corsobori.com\/ca\/tienda\/p\/butaca-exterior-petalo\/"]}]},{"@type":"ImageObject","inLanguage":"ca","@id":"https:\/\/www.corsobori.com\/ca\/tienda\/p\/butaca-exterior-petalo\/#primaryimage","url":"https:\/\/www.corsobori.com\/wp-content\/uploads\/2024\/12\/4_3_petalo_01.jpg","contentUrl":"https:\/\/www.corsobori.com\/wp-content\/uploads\/2024\/12\/4_3_petalo_01.jpg","width":1440,"height":1080},{"@type":"BreadcrumbList","@id":"https:\/\/www.corsobori.com\/ca\/tienda\/p\/butaca-exterior-petalo\/#breadcrumb","itemListElement":[{"@type":"ListItem","position":1,"name":"Portada","item":"https:\/\/www.corsobori.com\/ca\/inici\/"},{"@type":"ListItem","position":2,"name":"Botiga","item":"https:\/\/www.corsobori.com\/ca\/botiga\/"},{"@type":"ListItem","position":3,"name":"Butaca Exterior Petalo"}]},{"@type":"WebSite","@id":"https:\/\/www.corsobori.com\/ca\/#website","url":"https:\/\/www.corsobori.com\/ca\/","name":"Corsobori","description":"","publisher":{"@id":"https:\/\/www.corsobori.com\/ca\/#organization"},"potentialAction":[{"@type":"SearchAction","target":{"@type":"EntryPoint","urlTemplate":"https:\/\/www.corsobori.com\/ca\/?s={search_term_string}"},"query-input":{"@type":"PropertyValueSpecification","valueRequired":true,"valueName":"search_term_string"}}],"inLanguage":"ca"},{"@type":"Organization","@id":"https:\/\/www.corsobori.com\/ca\/#organization","name":"Corsobori","url":"https:\/\/www.corsobori.com\/ca\/","logo":{"@type":"ImageObject","inLanguage":"ca","@id":"https:\/\/www.corsobori.com\/ca\/#\/schema\/logo\/image\/","url":"https:\/\/www.corsobori.com\/wp-content\/uploads\/2024\/08\/logo-corsobori.png","contentUrl":"https:\/\/www.corsobori.com\/wp-content\/uploads\/2024\/08\/logo-corsobori.png","width":1210,"height":146,"caption":"Corsobori"},"image":{"@id":"https:\/\/www.corsobori.com\/ca\/#\/schema\/logo\/image\/"}}]}},"_links":{"self":[{"href":"https:\/\/www.corsobori.com\/ca\/wp-json\/wp\/v2\/product\/5675","targetHints":{"allow":["GET"]}}],"collection":[{"href":"https:\/\/www.corsobori.com\/ca\/wp-json\/wp\/v2\/product"}],"about":[{"href":"https:\/\/www.corsobori.com\/ca\/wp-json\/wp\/v2\/types\/product"}],"replies":[{"embeddable":true,"href":"https:\/\/www.corsobori.com\/ca\/wp-json\/wp\/v2\/comments?post=5675"}],"wp:featuredmedia":[{"embeddable":true,"href":"https:\/\/www.corsobori.com\/ca\/wp-json\/wp\/v2\/media\/3396"}],"wp:attachment":[{"href":"https:\/\/www.corsobori.com\/ca\/wp-json\/wp\/v2\/media?parent=5675"}],"wp:term":[{"taxonomy":"product_brand","embeddable":true,"href":"https:\/\/www.corsobori.com\/ca\/wp-json\/wp\/v2\/product_brand?post=5675"},{"taxonomy":"product_cat","embeddable":true,"href":"https:\/\/www.corsobori.com\/ca\/wp-json\/wp\/v2\/product_cat?post=5675"},{"taxonomy":"product_tag","embeddable":true,"href":"https:\/\/www.corsobori.com\/ca\/wp-json\/wp\/v2\/product_tag?post=5675"}],"curies":[{"name":"wp","href":"https:\/\/api.w.org\/{rel}","templated":true}]}}