{"id":5658,"date":"2024-12-18T16:17:28","date_gmt":"2024-12-18T15:17:28","guid":{"rendered":"https:\/\/www.corsobori.com\/tienda\/p\/new-worktops\/"},"modified":"2024-12-18T16:17:28","modified_gmt":"2024-12-18T15:17:28","slug":"new-worktops","status":"publish","type":"product","link":"https:\/\/www.corsobori.com\/ca\/tienda\/p\/new-worktops\/","title":{"rendered":"New Worktops de Molteni&#038;C"},"content":{"rendered":"<p>Els exclusius taulells de Dada Engineered presenten un nou accessori: una superf\u00edcie de treball en volad\u00eds que pot integrar fogons o aig\u00fceres, creant composicions elegants amb un joc harmoni\u00f3s de llum i ombra. Aquests taulells tenen una protrusi\u00f3 de 2.5 cm, en comparaci\u00f3 amb portes de cuina de 1.9 cm, i estan disponibles en profunditats de 60 o 75 cm i en amplades de 120 o 180 cm. Els nous models es poden personalitzar amb la gamma de materials de Molteni&amp;C|Dada Engineered, exceptuant el laminat i Fenix, proporcionant aix\u00ed solucions que optimitzen la funcionalitat i l&#8217;est\u00e8tica arquitect\u00f2nica de la cuina. L&#8217;excel\u00b7l\u00e8ncia de disseny es reflecteix en el treball del departament d&#8217;R+D de Molteni&amp;C, que desenvolupa innovacions en col\u00b7laboraci\u00f3 amb arquitectes famosos.   <\/p>\n","protected":false},"excerpt":{"rendered":"<p>Els exclusius taulells de Dada Engineered presenten un nou accessori: una superf\u00edcie de treball en volad\u00eds que pot integrar fogons o aig\u00fceres, creant composicions elegants amb un joc harmoni\u00f3s de llum i ombra. Aquests taulells tenen una protrusi\u00f3 de 2.5 cm, en comparaci\u00f3 amb portes de cuina de 1.9 cm, i estan disponibles en profunditats&#8230;<\/p>\n","protected":false},"featured_media":4968,"comment_status":"open","ping_status":"closed","template":"","meta":{"_acf_changed":false},"product_brand":[],"product_cat":[180,178],"product_tag":[],"class_list":{"0":"post-5658","1":"product","2":"type-product","3":"status-publish","4":"has-post-thumbnail","6":"product_cat-accessoris-de-cuina","7":"product_cat-cuines-de-luxe","9":"first","10":"instock","11":"sold-individually","12":"shipping-taxable","13":"purchasable","14":"product-type-simple"},"acf":[],"yoast_head":"<!-- This site is optimized with the Yoast SEO plugin v27.2 - https:\/\/yoast.com\/product\/yoast-seo-wordpress\/ -->\n<title>Accessori de Cuina New Worktops de Molteni&amp;C | Corsobori<\/title>\n<meta name=\"robots\" content=\"index, follow, max-snippet:-1, max-image-preview:large, max-video-preview:-1\" \/>\n<link rel=\"canonical\" href=\"https:\/\/www.corsobori.com\/ca\/tienda\/p\/new-worktops\/\" \/>\n<meta property=\"og:locale\" content=\"ca_ES\" \/>\n<meta property=\"og:type\" content=\"article\" \/>\n<meta property=\"og:title\" content=\"Accessori de Cuina New Worktops de Molteni&amp;C | Corsobori\" \/>\n<meta property=\"og:description\" content=\"Els exclusius taulells de Dada Engineered presenten un nou accessori: una superf\u00edcie de treball en volad\u00eds que pot integrar fogons o aig\u00fceres, creant composicions elegants amb un joc harmoni\u00f3s de llum i ombra. Aquests taulells tenen una protrusi\u00f3 de 2.5 cm, en comparaci\u00f3 amb portes de cuina de 1.9 cm, i estan disponibles en profunditats...\" \/>\n<meta property=\"og:url\" content=\"https:\/\/www.corsobori.com\/ca\/tienda\/p\/new-worktops\/\" \/>\n<meta property=\"og:site_name\" content=\"corsobori.com\" \/>\n<meta property=\"og:image\" content=\"https:\/\/www.corsobori.com\/wp-content\/uploads\/2024\/12\/4_3_worktops.jpg\" \/>\n\t<meta property=\"og:image:width\" content=\"1440\" \/>\n\t<meta property=\"og:image:height\" content=\"1080\" \/>\n\t<meta property=\"og:image:type\" content=\"image\/jpeg\" \/>\n<meta name=\"twitter:card\" content=\"summary_large_image\" \/>\n<meta name=\"twitter:label1\" content=\"Temps estimat de lectura\" \/>\n\t<meta name=\"twitter:data1\" content=\"1 minut\" \/>\n<!-- \/ Yoast SEO plugin. -->","yoast_head_json":{"title":"Accessori de Cuina New Worktops de Molteni&C | Corsobori","robots":{"index":"index","follow":"follow","max-snippet":"max-snippet:-1","max-image-preview":"max-image-preview:large","max-video-preview":"max-video-preview:-1"},"canonical":"https:\/\/www.corsobori.com\/ca\/tienda\/p\/new-worktops\/","og_locale":"ca_ES","og_type":"article","og_title":"Accessori de Cuina New Worktops de Molteni&C | Corsobori","og_description":"Els exclusius taulells de Dada Engineered presenten un nou accessori: una superf\u00edcie de treball en volad\u00eds que pot integrar fogons o aig\u00fceres, creant composicions elegants amb un joc harmoni\u00f3s de llum i ombra. Aquests taulells tenen una protrusi\u00f3 de 2.5 cm, en comparaci\u00f3 amb portes de cuina de 1.9 cm, i estan disponibles en profunditats...","og_url":"https:\/\/www.corsobori.com\/ca\/tienda\/p\/new-worktops\/","og_site_name":"corsobori.com","og_image":[{"width":1440,"height":1080,"url":"https:\/\/www.corsobori.com\/wp-content\/uploads\/2024\/12\/4_3_worktops.jpg","type":"image\/jpeg"}],"twitter_card":"summary_large_image","twitter_misc":{"Temps estimat de lectura":"1 minut"},"schema":{"@context":"https:\/\/schema.org","@graph":[{"@type":"WebPage","@id":"https:\/\/www.corsobori.com\/ca\/tienda\/p\/new-worktops\/","url":"https:\/\/www.corsobori.com\/ca\/tienda\/p\/new-worktops\/","name":"Accessori de Cuina New Worktops de Molteni&C | Corsobori","isPartOf":{"@id":"https:\/\/www.corsobori.com\/ca\/#website"},"primaryImageOfPage":{"@id":"https:\/\/www.corsobori.com\/ca\/tienda\/p\/new-worktops\/#primaryimage"},"image":{"@id":"https:\/\/www.corsobori.com\/ca\/tienda\/p\/new-worktops\/#primaryimage"},"thumbnailUrl":"https:\/\/www.corsobori.com\/wp-content\/uploads\/2024\/12\/4_3_worktops.jpg","datePublished":"2024-12-18T15:17:28+00:00","breadcrumb":{"@id":"https:\/\/www.corsobori.com\/ca\/tienda\/p\/new-worktops\/#breadcrumb"},"inLanguage":"ca","potentialAction":[{"@type":"ReadAction","target":["https:\/\/www.corsobori.com\/ca\/tienda\/p\/new-worktops\/"]}]},{"@type":"ImageObject","inLanguage":"ca","@id":"https:\/\/www.corsobori.com\/ca\/tienda\/p\/new-worktops\/#primaryimage","url":"https:\/\/www.corsobori.com\/wp-content\/uploads\/2024\/12\/4_3_worktops.jpg","contentUrl":"https:\/\/www.corsobori.com\/wp-content\/uploads\/2024\/12\/4_3_worktops.jpg","width":1440,"height":1080},{"@type":"BreadcrumbList","@id":"https:\/\/www.corsobori.com\/ca\/tienda\/p\/new-worktops\/#breadcrumb","itemListElement":[{"@type":"ListItem","position":1,"name":"Portada","item":"https:\/\/www.corsobori.com\/ca\/inici\/"},{"@type":"ListItem","position":2,"name":"Botiga","item":"https:\/\/www.corsobori.com\/ca\/botiga\/"},{"@type":"ListItem","position":3,"name":"New Worktops"}]},{"@type":"WebSite","@id":"https:\/\/www.corsobori.com\/ca\/#website","url":"https:\/\/www.corsobori.com\/ca\/","name":"Corsobori","description":"","publisher":{"@id":"https:\/\/www.corsobori.com\/ca\/#organization"},"potentialAction":[{"@type":"SearchAction","target":{"@type":"EntryPoint","urlTemplate":"https:\/\/www.corsobori.com\/ca\/?s={search_term_string}"},"query-input":{"@type":"PropertyValueSpecification","valueRequired":true,"valueName":"search_term_string"}}],"inLanguage":"ca"},{"@type":"Organization","@id":"https:\/\/www.corsobori.com\/ca\/#organization","name":"Corsobori","url":"https:\/\/www.corsobori.com\/ca\/","logo":{"@type":"ImageObject","inLanguage":"ca","@id":"https:\/\/www.corsobori.com\/ca\/#\/schema\/logo\/image\/","url":"https:\/\/www.corsobori.com\/wp-content\/uploads\/2024\/08\/logo-corsobori.png","contentUrl":"https:\/\/www.corsobori.com\/wp-content\/uploads\/2024\/08\/logo-corsobori.png","width":1210,"height":146,"caption":"Corsobori"},"image":{"@id":"https:\/\/www.corsobori.com\/ca\/#\/schema\/logo\/image\/"}}]}},"_links":{"self":[{"href":"https:\/\/www.corsobori.com\/ca\/wp-json\/wp\/v2\/product\/5658","targetHints":{"allow":["GET"]}}],"collection":[{"href":"https:\/\/www.corsobori.com\/ca\/wp-json\/wp\/v2\/product"}],"about":[{"href":"https:\/\/www.corsobori.com\/ca\/wp-json\/wp\/v2\/types\/product"}],"replies":[{"embeddable":true,"href":"https:\/\/www.corsobori.com\/ca\/wp-json\/wp\/v2\/comments?post=5658"}],"wp:featuredmedia":[{"embeddable":true,"href":"https:\/\/www.corsobori.com\/ca\/wp-json\/wp\/v2\/media\/4968"}],"wp:attachment":[{"href":"https:\/\/www.corsobori.com\/ca\/wp-json\/wp\/v2\/media?parent=5658"}],"wp:term":[{"taxonomy":"product_brand","embeddable":true,"href":"https:\/\/www.corsobori.com\/ca\/wp-json\/wp\/v2\/product_brand?post=5658"},{"taxonomy":"product_cat","embeddable":true,"href":"https:\/\/www.corsobori.com\/ca\/wp-json\/wp\/v2\/product_cat?post=5658"},{"taxonomy":"product_tag","embeddable":true,"href":"https:\/\/www.corsobori.com\/ca\/wp-json\/wp\/v2\/product_tag?post=5658"}],"curies":[{"name":"wp","href":"https:\/\/api.w.org\/{rel}","templated":true}]}}