{"id":5649,"date":"2024-12-18T16:18:47","date_gmt":"2024-12-18T15:18:47","guid":{"rendered":"https:\/\/www.corsobori.com\/tienda\/p\/vestidor-gliss-master-island\/"},"modified":"2024-12-18T16:18:47","modified_gmt":"2024-12-18T15:18:47","slug":"vestidor-gliss-master-island","status":"publish","type":"product","link":"https:\/\/www.corsobori.com\/ca\/tienda\/p\/vestidor-gliss-master-island\/","title":{"rendered":"Vestidor Gliss Master Island de Molteni&#038;C"},"content":{"rendered":"<p>Gliss Master Island \u00e9s una pe\u00e7a central i funcional que complementa harmoniosament un vestidor o \u00e0rea d&#8217;armaris. Destaquen les safates porta-objectes i calaixos de vidre, a m\u00e9s de superf\u00edcies en ress\u00f2 pell d&#8217;alta qualitat. Entre les seves caracter\u00edstiques innovadores s&#8217;inclouen un samarreter extra\u00efble, calaixos i safates m\u00f2bils, aix\u00ed com accessoris com corbaters i joiers en ress\u00f2 pell, a m\u00e9s d&#8217;un sistema d&#8217;il\u00b7luminaci\u00f3 LED. Dissenyat per Vincent Van Duysen, arquitecte belga de renom, Gliss Master Island reflecteix una connexi\u00f3 profunda entre interiors i arquitectura, oferint objectes de gran puresa amb bases formals s\u00f2lides que redefineixen l&#8217;espai i la funcionalitat. Ideal per als que busquen eleg\u00e0ncia i sofisticaci\u00f3 en el disseny dels vestidors.    <\/p>\n","protected":false},"excerpt":{"rendered":"<p>Gliss Master Island \u00e9s una pe\u00e7a central i funcional que complementa harmoniosament un vestidor o \u00e0rea d&#8217;armaris. Destaquen les safates porta-objectes i calaixos de vidre, a m\u00e9s de superf\u00edcies en ress\u00f2 pell d&#8217;alta qualitat. Entre les seves caracter\u00edstiques innovadores s&#8217;inclouen un samarreter extra\u00efble, calaixos i safates m\u00f2bils, aix\u00ed com accessoris com corbaters i joiers en&#8230;<\/p>\n","protected":false},"featured_media":3796,"comment_status":"open","ping_status":"closed","template":"","meta":{"_acf_changed":false},"product_brand":[],"product_cat":[174,172,173],"product_tag":[],"class_list":{"0":"post-5649","1":"product","2":"type-product","3":"status-publish","4":"has-post-thumbnail","6":"product_cat-contenidors-de-nit","7":"product_cat-mobles-dinterior","8":"product_cat-vestidors","10":"first","11":"instock","12":"sold-individually","13":"shipping-taxable","14":"purchasable","15":"product-type-simple"},"acf":[],"yoast_head":"<!-- This site is optimized with the Yoast SEO plugin v27.2 - https:\/\/yoast.com\/product\/yoast-seo-wordpress\/ -->\n<title>Vestidor Gliss Master Island de Molteni&amp;C | Corsobori<\/title>\n<meta name=\"robots\" content=\"index, follow, max-snippet:-1, max-image-preview:large, max-video-preview:-1\" \/>\n<link rel=\"canonical\" href=\"https:\/\/www.corsobori.com\/ca\/tienda\/p\/vestidor-gliss-master-island\/\" \/>\n<meta property=\"og:locale\" content=\"ca_ES\" \/>\n<meta property=\"og:type\" content=\"article\" \/>\n<meta property=\"og:title\" content=\"Vestidor Gliss Master Island de Molteni&amp;C | Corsobori\" \/>\n<meta property=\"og:description\" content=\"Gliss Master Island \u00e9s una pe\u00e7a central i funcional que complementa harmoniosament un vestidor o \u00e0rea d&#8217;armaris. Destaquen les safates porta-objectes i calaixos de vidre, a m\u00e9s de superf\u00edcies en ress\u00f2 pell d&#8217;alta qualitat. Entre les seves caracter\u00edstiques innovadores s&#8217;inclouen un samarreter extra\u00efble, calaixos i safates m\u00f2bils, aix\u00ed com accessoris com corbaters i joiers en...\" \/>\n<meta property=\"og:url\" content=\"https:\/\/www.corsobori.com\/ca\/tienda\/p\/vestidor-gliss-master-island\/\" \/>\n<meta property=\"og:site_name\" content=\"corsobori.com\" \/>\n<meta property=\"og:image\" content=\"https:\/\/www.corsobori.com\/wp-content\/uploads\/2024\/12\/H19_038-GlissMaster-Atalante_WEB.jpg\" \/>\n\t<meta property=\"og:image:width\" content=\"1600\" \/>\n\t<meta property=\"og:image:height\" content=\"1066\" \/>\n\t<meta property=\"og:image:type\" content=\"image\/jpeg\" \/>\n<meta name=\"twitter:card\" content=\"summary_large_image\" \/>\n<meta name=\"twitter:label1\" content=\"Temps estimat de lectura\" \/>\n\t<meta name=\"twitter:data1\" content=\"1 minut\" \/>\n<!-- \/ Yoast SEO plugin. -->","yoast_head_json":{"title":"Vestidor Gliss Master Island de Molteni&C | Corsobori","robots":{"index":"index","follow":"follow","max-snippet":"max-snippet:-1","max-image-preview":"max-image-preview:large","max-video-preview":"max-video-preview:-1"},"canonical":"https:\/\/www.corsobori.com\/ca\/tienda\/p\/vestidor-gliss-master-island\/","og_locale":"ca_ES","og_type":"article","og_title":"Vestidor Gliss Master Island de Molteni&C | Corsobori","og_description":"Gliss Master Island \u00e9s una pe\u00e7a central i funcional que complementa harmoniosament un vestidor o \u00e0rea d&#8217;armaris. Destaquen les safates porta-objectes i calaixos de vidre, a m\u00e9s de superf\u00edcies en ress\u00f2 pell d&#8217;alta qualitat. Entre les seves caracter\u00edstiques innovadores s&#8217;inclouen un samarreter extra\u00efble, calaixos i safates m\u00f2bils, aix\u00ed com accessoris com corbaters i joiers en...","og_url":"https:\/\/www.corsobori.com\/ca\/tienda\/p\/vestidor-gliss-master-island\/","og_site_name":"corsobori.com","og_image":[{"width":1600,"height":1066,"url":"https:\/\/www.corsobori.com\/wp-content\/uploads\/2024\/12\/H19_038-GlissMaster-Atalante_WEB.jpg","type":"image\/jpeg"}],"twitter_card":"summary_large_image","twitter_misc":{"Temps estimat de lectura":"1 minut"},"schema":{"@context":"https:\/\/schema.org","@graph":[{"@type":"WebPage","@id":"https:\/\/www.corsobori.com\/ca\/tienda\/p\/vestidor-gliss-master-island\/","url":"https:\/\/www.corsobori.com\/ca\/tienda\/p\/vestidor-gliss-master-island\/","name":"Vestidor Gliss Master Island de Molteni&C | Corsobori","isPartOf":{"@id":"https:\/\/www.corsobori.com\/ca\/#website"},"primaryImageOfPage":{"@id":"https:\/\/www.corsobori.com\/ca\/tienda\/p\/vestidor-gliss-master-island\/#primaryimage"},"image":{"@id":"https:\/\/www.corsobori.com\/ca\/tienda\/p\/vestidor-gliss-master-island\/#primaryimage"},"thumbnailUrl":"https:\/\/www.corsobori.com\/wp-content\/uploads\/2024\/12\/H19_038-GlissMaster-Atalante_WEB.jpg","datePublished":"2024-12-18T15:18:47+00:00","breadcrumb":{"@id":"https:\/\/www.corsobori.com\/ca\/tienda\/p\/vestidor-gliss-master-island\/#breadcrumb"},"inLanguage":"ca","potentialAction":[{"@type":"ReadAction","target":["https:\/\/www.corsobori.com\/ca\/tienda\/p\/vestidor-gliss-master-island\/"]}]},{"@type":"ImageObject","inLanguage":"ca","@id":"https:\/\/www.corsobori.com\/ca\/tienda\/p\/vestidor-gliss-master-island\/#primaryimage","url":"https:\/\/www.corsobori.com\/wp-content\/uploads\/2024\/12\/H19_038-GlissMaster-Atalante_WEB.jpg","contentUrl":"https:\/\/www.corsobori.com\/wp-content\/uploads\/2024\/12\/H19_038-GlissMaster-Atalante_WEB.jpg","width":1600,"height":1066},{"@type":"BreadcrumbList","@id":"https:\/\/www.corsobori.com\/ca\/tienda\/p\/vestidor-gliss-master-island\/#breadcrumb","itemListElement":[{"@type":"ListItem","position":1,"name":"Portada","item":"https:\/\/www.corsobori.com\/ca\/inici\/"},{"@type":"ListItem","position":2,"name":"Botiga","item":"https:\/\/www.corsobori.com\/ca\/botiga\/"},{"@type":"ListItem","position":3,"name":"Vestidor Gliss Master Island"}]},{"@type":"WebSite","@id":"https:\/\/www.corsobori.com\/ca\/#website","url":"https:\/\/www.corsobori.com\/ca\/","name":"Corsobori","description":"","publisher":{"@id":"https:\/\/www.corsobori.com\/ca\/#organization"},"potentialAction":[{"@type":"SearchAction","target":{"@type":"EntryPoint","urlTemplate":"https:\/\/www.corsobori.com\/ca\/?s={search_term_string}"},"query-input":{"@type":"PropertyValueSpecification","valueRequired":true,"valueName":"search_term_string"}}],"inLanguage":"ca"},{"@type":"Organization","@id":"https:\/\/www.corsobori.com\/ca\/#organization","name":"Corsobori","url":"https:\/\/www.corsobori.com\/ca\/","logo":{"@type":"ImageObject","inLanguage":"ca","@id":"https:\/\/www.corsobori.com\/ca\/#\/schema\/logo\/image\/","url":"https:\/\/www.corsobori.com\/wp-content\/uploads\/2024\/08\/logo-corsobori.png","contentUrl":"https:\/\/www.corsobori.com\/wp-content\/uploads\/2024\/08\/logo-corsobori.png","width":1210,"height":146,"caption":"Corsobori"},"image":{"@id":"https:\/\/www.corsobori.com\/ca\/#\/schema\/logo\/image\/"}}]}},"_links":{"self":[{"href":"https:\/\/www.corsobori.com\/ca\/wp-json\/wp\/v2\/product\/5649","targetHints":{"allow":["GET"]}}],"collection":[{"href":"https:\/\/www.corsobori.com\/ca\/wp-json\/wp\/v2\/product"}],"about":[{"href":"https:\/\/www.corsobori.com\/ca\/wp-json\/wp\/v2\/types\/product"}],"replies":[{"embeddable":true,"href":"https:\/\/www.corsobori.com\/ca\/wp-json\/wp\/v2\/comments?post=5649"}],"wp:featuredmedia":[{"embeddable":true,"href":"https:\/\/www.corsobori.com\/ca\/wp-json\/wp\/v2\/media\/3796"}],"wp:attachment":[{"href":"https:\/\/www.corsobori.com\/ca\/wp-json\/wp\/v2\/media?parent=5649"}],"wp:term":[{"taxonomy":"product_brand","embeddable":true,"href":"https:\/\/www.corsobori.com\/ca\/wp-json\/wp\/v2\/product_brand?post=5649"},{"taxonomy":"product_cat","embeddable":true,"href":"https:\/\/www.corsobori.com\/ca\/wp-json\/wp\/v2\/product_cat?post=5649"},{"taxonomy":"product_tag","embeddable":true,"href":"https:\/\/www.corsobori.com\/ca\/wp-json\/wp\/v2\/product_tag?post=5649"}],"curies":[{"name":"wp","href":"https:\/\/api.w.org\/{rel}","templated":true}]}}