{"id":5647,"date":"2024-12-18T16:18:41","date_gmt":"2024-12-18T15:18:41","guid":{"rendered":"https:\/\/www.corsobori.com\/tienda\/p\/sofa-exterior-palinfrasca\/"},"modified":"2024-12-18T16:18:41","modified_gmt":"2024-12-18T15:18:41","slug":"sofa-exterior-palinfrasca","status":"publish","type":"product","link":"https:\/\/www.corsobori.com\/ca\/tienda\/p\/sofa-exterior-palinfrasca\/","title":{"rendered":"Sof\u00e0 Exterior Palinfrasca de Molteni&#038;C"},"content":{"rendered":"<p>El Sof\u00e0 Palinfrasca, dissenyat per Luca Meda el 1994 i reinterpretat per Molteni&amp;C, destaca per la seva ic\u00f2nica forma i la seva construcci\u00f3 en teca massissa, fusionant un disseny contemporani amb un profund savoir-faire de gaireb\u00e9 noranta anys. La Col\u00b7lecci\u00f3 Landmark presenta un sistema modular amb l\u00ednies corbes i anguloses que ofereixen un excepcional confort. Els elements s\u00f3n vers\u00e0tils, permetent configuracions personalitzables. Destaquen els detalls d&#8217;ebenisteria, com el pr\u00e0ctic prestatge al respatller i el suau perfil dels pilars. El respatller, disponible en teca o poliuret\u00e0 EVA, reflecteix la tradici\u00f3 mediterr\u00e0nia i \u00e9s apte per a exteriors. Els generosos coixins de poliuret\u00e0 i teles per a exteriors asseguren una experi\u00e8ncia de luxe i confort. La s\u00e8rie inclou diverses peces, com sof\u00e0s, chaise longues i una butaca.      <\/p>\n","protected":false},"excerpt":{"rendered":"<p>El Sof\u00e0 Palinfrasca, dissenyat per Luca Meda el 1994 i reinterpretat per Molteni&amp;C, destaca per la seva ic\u00f2nica forma i la seva construcci\u00f3 en teca massissa, fusionant un disseny contemporani amb un profund savoir-faire de gaireb\u00e9 noranta anys. La Col\u00b7lecci\u00f3 Landmark presenta un sistema modular amb l\u00ednies corbes i anguloses que ofereixen un excepcional confort&#8230;.<\/p>\n","protected":false},"featured_media":3308,"comment_status":"open","ping_status":"closed","template":"","meta":{"_acf_changed":false},"product_brand":[],"product_cat":[169,170],"product_tag":[],"class_list":{"0":"post-5647","1":"product","2":"type-product","3":"status-publish","4":"has-post-thumbnail","6":"product_cat-mobles-exterior","7":"product_cat-sofas-dexterior","9":"first","10":"instock","11":"sold-individually","12":"shipping-taxable","13":"purchasable","14":"product-type-simple"},"acf":[],"yoast_head":"<!-- This site is optimized with the Yoast SEO plugin v27.2 - https:\/\/yoast.com\/product\/yoast-seo-wordpress\/ -->\n<title>Sof\u00e0 Exterior Palinfrasca de Molteni&amp;C |<\/title>\n<meta name=\"robots\" content=\"index, follow, max-snippet:-1, max-image-preview:large, max-video-preview:-1\" \/>\n<link rel=\"canonical\" href=\"https:\/\/www.corsobori.com\/ca\/tienda\/p\/sofa-exterior-palinfrasca\/\" \/>\n<meta property=\"og:locale\" content=\"ca_ES\" \/>\n<meta property=\"og:type\" content=\"article\" \/>\n<meta property=\"og:title\" content=\"Sof\u00e0 Exterior Palinfrasca de Molteni&amp;C |\" \/>\n<meta property=\"og:description\" content=\"El Sof\u00e0 Palinfrasca, dissenyat per Luca Meda el 1994 i reinterpretat per Molteni&amp;C, destaca per la seva ic\u00f2nica forma i la seva construcci\u00f3 en teca massissa, fusionant un disseny contemporani amb un profund savoir-faire de gaireb\u00e9 noranta anys. La Col\u00b7lecci\u00f3 Landmark presenta un sistema modular amb l\u00ednies corbes i anguloses que ofereixen un excepcional confort....\" \/>\n<meta property=\"og:url\" content=\"https:\/\/www.corsobori.com\/ca\/tienda\/p\/sofa-exterior-palinfrasca\/\" \/>\n<meta property=\"og:site_name\" content=\"corsobori.com\" \/>\n<meta property=\"og:image\" content=\"https:\/\/www.corsobori.com\/wp-content\/uploads\/2024\/12\/4_3_Palinfrasca_02_Sofa_NEWDivano.jpg\" \/>\n\t<meta property=\"og:image:width\" content=\"1440\" \/>\n\t<meta property=\"og:image:height\" content=\"1080\" \/>\n\t<meta property=\"og:image:type\" content=\"image\/jpeg\" \/>\n<meta name=\"twitter:card\" content=\"summary_large_image\" \/>\n<meta name=\"twitter:label1\" content=\"Temps estimat de lectura\" \/>\n\t<meta name=\"twitter:data1\" content=\"1 minut\" \/>\n<!-- \/ Yoast SEO plugin. -->","yoast_head_json":{"title":"Sof\u00e0 Exterior Palinfrasca de Molteni&C |","robots":{"index":"index","follow":"follow","max-snippet":"max-snippet:-1","max-image-preview":"max-image-preview:large","max-video-preview":"max-video-preview:-1"},"canonical":"https:\/\/www.corsobori.com\/ca\/tienda\/p\/sofa-exterior-palinfrasca\/","og_locale":"ca_ES","og_type":"article","og_title":"Sof\u00e0 Exterior Palinfrasca de Molteni&C |","og_description":"El Sof\u00e0 Palinfrasca, dissenyat per Luca Meda el 1994 i reinterpretat per Molteni&amp;C, destaca per la seva ic\u00f2nica forma i la seva construcci\u00f3 en teca massissa, fusionant un disseny contemporani amb un profund savoir-faire de gaireb\u00e9 noranta anys. La Col\u00b7lecci\u00f3 Landmark presenta un sistema modular amb l\u00ednies corbes i anguloses que ofereixen un excepcional confort....","og_url":"https:\/\/www.corsobori.com\/ca\/tienda\/p\/sofa-exterior-palinfrasca\/","og_site_name":"corsobori.com","og_image":[{"width":1440,"height":1080,"url":"https:\/\/www.corsobori.com\/wp-content\/uploads\/2024\/12\/4_3_Palinfrasca_02_Sofa_NEWDivano.jpg","type":"image\/jpeg"}],"twitter_card":"summary_large_image","twitter_misc":{"Temps estimat de lectura":"1 minut"},"schema":{"@context":"https:\/\/schema.org","@graph":[{"@type":"WebPage","@id":"https:\/\/www.corsobori.com\/ca\/tienda\/p\/sofa-exterior-palinfrasca\/","url":"https:\/\/www.corsobori.com\/ca\/tienda\/p\/sofa-exterior-palinfrasca\/","name":"Sof\u00e0 Exterior Palinfrasca de Molteni&C |","isPartOf":{"@id":"https:\/\/www.corsobori.com\/ca\/#website"},"primaryImageOfPage":{"@id":"https:\/\/www.corsobori.com\/ca\/tienda\/p\/sofa-exterior-palinfrasca\/#primaryimage"},"image":{"@id":"https:\/\/www.corsobori.com\/ca\/tienda\/p\/sofa-exterior-palinfrasca\/#primaryimage"},"thumbnailUrl":"https:\/\/www.corsobori.com\/wp-content\/uploads\/2024\/12\/4_3_Palinfrasca_02_Sofa_NEWDivano.jpg","datePublished":"2024-12-18T15:18:41+00:00","breadcrumb":{"@id":"https:\/\/www.corsobori.com\/ca\/tienda\/p\/sofa-exterior-palinfrasca\/#breadcrumb"},"inLanguage":"ca","potentialAction":[{"@type":"ReadAction","target":["https:\/\/www.corsobori.com\/ca\/tienda\/p\/sofa-exterior-palinfrasca\/"]}]},{"@type":"ImageObject","inLanguage":"ca","@id":"https:\/\/www.corsobori.com\/ca\/tienda\/p\/sofa-exterior-palinfrasca\/#primaryimage","url":"https:\/\/www.corsobori.com\/wp-content\/uploads\/2024\/12\/4_3_Palinfrasca_02_Sofa_NEWDivano.jpg","contentUrl":"https:\/\/www.corsobori.com\/wp-content\/uploads\/2024\/12\/4_3_Palinfrasca_02_Sofa_NEWDivano.jpg","width":1440,"height":1080},{"@type":"BreadcrumbList","@id":"https:\/\/www.corsobori.com\/ca\/tienda\/p\/sofa-exterior-palinfrasca\/#breadcrumb","itemListElement":[{"@type":"ListItem","position":1,"name":"Portada","item":"https:\/\/www.corsobori.com\/ca\/inici\/"},{"@type":"ListItem","position":2,"name":"Botiga","item":"https:\/\/www.corsobori.com\/ca\/botiga\/"},{"@type":"ListItem","position":3,"name":"Sof\u00e0 Exterior Palinfrasca"}]},{"@type":"WebSite","@id":"https:\/\/www.corsobori.com\/ca\/#website","url":"https:\/\/www.corsobori.com\/ca\/","name":"Corsobori","description":"","publisher":{"@id":"https:\/\/www.corsobori.com\/ca\/#organization"},"potentialAction":[{"@type":"SearchAction","target":{"@type":"EntryPoint","urlTemplate":"https:\/\/www.corsobori.com\/ca\/?s={search_term_string}"},"query-input":{"@type":"PropertyValueSpecification","valueRequired":true,"valueName":"search_term_string"}}],"inLanguage":"ca"},{"@type":"Organization","@id":"https:\/\/www.corsobori.com\/ca\/#organization","name":"Corsobori","url":"https:\/\/www.corsobori.com\/ca\/","logo":{"@type":"ImageObject","inLanguage":"ca","@id":"https:\/\/www.corsobori.com\/ca\/#\/schema\/logo\/image\/","url":"https:\/\/www.corsobori.com\/wp-content\/uploads\/2024\/08\/logo-corsobori.png","contentUrl":"https:\/\/www.corsobori.com\/wp-content\/uploads\/2024\/08\/logo-corsobori.png","width":1210,"height":146,"caption":"Corsobori"},"image":{"@id":"https:\/\/www.corsobori.com\/ca\/#\/schema\/logo\/image\/"}}]}},"_links":{"self":[{"href":"https:\/\/www.corsobori.com\/ca\/wp-json\/wp\/v2\/product\/5647","targetHints":{"allow":["GET"]}}],"collection":[{"href":"https:\/\/www.corsobori.com\/ca\/wp-json\/wp\/v2\/product"}],"about":[{"href":"https:\/\/www.corsobori.com\/ca\/wp-json\/wp\/v2\/types\/product"}],"replies":[{"embeddable":true,"href":"https:\/\/www.corsobori.com\/ca\/wp-json\/wp\/v2\/comments?post=5647"}],"wp:featuredmedia":[{"embeddable":true,"href":"https:\/\/www.corsobori.com\/ca\/wp-json\/wp\/v2\/media\/3308"}],"wp:attachment":[{"href":"https:\/\/www.corsobori.com\/ca\/wp-json\/wp\/v2\/media?parent=5647"}],"wp:term":[{"taxonomy":"product_brand","embeddable":true,"href":"https:\/\/www.corsobori.com\/ca\/wp-json\/wp\/v2\/product_brand?post=5647"},{"taxonomy":"product_cat","embeddable":true,"href":"https:\/\/www.corsobori.com\/ca\/wp-json\/wp\/v2\/product_cat?post=5647"},{"taxonomy":"product_tag","embeddable":true,"href":"https:\/\/www.corsobori.com\/ca\/wp-json\/wp\/v2\/product_tag?post=5647"}],"curies":[{"name":"wp","href":"https:\/\/api.w.org\/{rel}","templated":true}]}}