{"id":5339,"date":"2025-02-07T14:16:31","date_gmt":"2025-02-07T13:16:31","guid":{"rendered":"https:\/\/www.corsobori.com\/serveis\/"},"modified":"2025-04-29T12:49:32","modified_gmt":"2025-04-29T10:49:32","slug":"serveis","status":"publish","type":"page","link":"https:\/\/www.corsobori.com\/ca\/serveis\/","title":{"rendered":"Serveis"},"content":{"rendered":"<section class=\"l-section wpb_row us_custom_0327f43d height_auto\"><div class=\"l-section-h i-cf\"><div class=\"g-cols vc_row via_grid cols_2 laptops-cols_inherit tablets-cols_inherit mobiles-cols_1 valign_top type_default stacking_default\"><div class=\"wpb_column vc_column_container\"><div class=\"vc_column-inner\"><div class=\"w-image align_none\"><div class=\"w-image-h\"><img decoding=\"async\" width=\"1024\" height=\"683\" src=\"https:\/\/www.corsobori.com\/wp-content\/uploads\/2025\/02\/Servicios-1-1024x683.jpg\" class=\"attachment-large size-large\" alt=\"\" loading=\"lazy\" srcset=\"https:\/\/www.corsobori.com\/wp-content\/uploads\/2025\/02\/Servicios-1-1024x683.jpg 1024w, https:\/\/www.corsobori.com\/wp-content\/uploads\/2025\/02\/Servicios-1-300x200.jpg 300w, https:\/\/www.corsobori.com\/wp-content\/uploads\/2025\/02\/Servicios-1-600x400.jpg 600w, https:\/\/www.corsobori.com\/wp-content\/uploads\/2025\/02\/Servicios-1.jpg 1500w\" sizes=\"auto, (max-width: 1024px) 100vw, 1024px\" \/><\/div><\/div><\/div><\/div><div class=\"wpb_column vc_column_container\"><div class=\"vc_column-inner\"><div class=\"w-separator hide_on_tablets hide_on_mobiles size_custom\" style=\"height:30px\"><\/div><div class=\"w-text us_custom_09d4d2ec\"><span class=\"w-text-h\"><span class=\"w-text-value\">ASSESSORAMENT EN INTERIORISME I SELECCI\u00d3 DE MOBILIARI<\/span><\/span><\/div><div class=\"w-separator size_small\"><\/div><div class=\"wpb_text_column us_custom_53a2dc97\"><div class=\"wpb_wrapper\"><p><span style=\"font-weight: 400;\">A Molteni&amp;C Barcelona, \u200b\u200bajudem a particulars, arquitectes, interioristes i promotores a trobar les millors solucions en mobiliari de disseny.   <\/span><span style=\"font-weight: 400;\"><br \/>\n<\/span><span style=\"font-weight: 400;\">equip d&#8217;experts ofereix un assessorament personalitzat, assegurant que cada pe\u00e7a seleccionada encaixi amb l&#8217;est\u00e8tica, funcionalitat i necessitats de cada projecte.<\/span><\/p>\n<\/div><\/div><\/div><\/div><\/div><\/div><\/section><section class=\"l-section wpb_row us_custom_524b9e0f height_auto\"><div class=\"l-section-h i-cf\"><div class=\"g-cols vc_row via_grid cols_2 laptops-cols_inherit tablets-cols_inherit mobiles-cols_1 valign_top type_default stacking_default\"><div class=\"wpb_column vc_column_container\"><div class=\"vc_column-inner\"><div class=\"w-image align_none\"><div class=\"w-image-h\"><img decoding=\"async\" width=\"1024\" height=\"683\" src=\"https:\/\/www.corsobori.com\/wp-content\/uploads\/2025\/02\/Servicios-2-1024x683.jpg\" class=\"attachment-large size-large\" alt=\"\" loading=\"lazy\" srcset=\"https:\/\/www.corsobori.com\/wp-content\/uploads\/2025\/02\/Servicios-2-1024x683.jpg 1024w, https:\/\/www.corsobori.com\/wp-content\/uploads\/2025\/02\/Servicios-2-300x200.jpg 300w, https:\/\/www.corsobori.com\/wp-content\/uploads\/2025\/02\/Servicios-2-600x400.jpg 600w, https:\/\/www.corsobori.com\/wp-content\/uploads\/2025\/02\/Servicios-2.jpg 1525w\" sizes=\"auto, (max-width: 1024px) 100vw, 1024px\" \/><\/div><\/div><\/div><\/div><div class=\"wpb_column vc_column_container\"><div class=\"vc_column-inner\"><div class=\"w-separator hide_on_tablets hide_on_mobiles size_custom\" style=\"height:30px\"><\/div><div class=\"w-text us_custom_09d4d2ec\"><span class=\"w-text-h\"><span class=\"w-text-value\">PERSONALITZACI\u00d3 I MATERIALS EXCLUSIUS<\/span><\/span><\/div><div class=\"w-separator size_small\"><\/div><div class=\"wpb_text_column us_custom_53a2dc97\"><div class=\"wpb_wrapper\"><p><span style=\"font-weight: 400;\">Disposem d\u00b4una sala de mostres, un espai on els nostres clients poden explorar i triar entre una \u00e0mplia varietat d\u00b4acabats en laques, fustes, teixits i altres materials exclusius. Aqu\u00ed, els clients particulars poden personalitzar cada detall del seu mobiliari, mentre que els professionals poden utilitzar la sala com a entorn de treball per presentar propostes i desenvolupar projectes amb els seus clients. <\/span><\/p>\n<\/div><\/div><\/div><\/div><\/div><\/div><\/section><section class=\"l-section wpb_row us_custom_524b9e0f height_auto\"><div class=\"l-section-h i-cf\"><div class=\"g-cols vc_row via_grid cols_2 laptops-cols_inherit tablets-cols_inherit mobiles-cols_1 valign_top type_default stacking_default\"><div class=\"wpb_column vc_column_container\"><div class=\"vc_column-inner\"><div class=\"w-image align_none\"><div class=\"w-image-h\"><img decoding=\"async\" width=\"1024\" height=\"683\" src=\"https:\/\/www.corsobori.com\/wp-content\/uploads\/2025\/02\/Servicios-3-1024x683.jpg\" class=\"attachment-large size-large\" alt=\"\" loading=\"lazy\" srcset=\"https:\/\/www.corsobori.com\/wp-content\/uploads\/2025\/02\/Servicios-3-1024x683.jpg 1024w, https:\/\/www.corsobori.com\/wp-content\/uploads\/2025\/02\/Servicios-3-300x200.jpg 300w, https:\/\/www.corsobori.com\/wp-content\/uploads\/2025\/02\/Servicios-3-600x400.jpg 600w, https:\/\/www.corsobori.com\/wp-content\/uploads\/2025\/02\/Servicios-3.jpg 1620w\" sizes=\"auto, (max-width: 1024px) 100vw, 1024px\" \/><\/div><\/div><\/div><\/div><div class=\"wpb_column vc_column_container\"><div class=\"vc_column-inner\"><div class=\"w-separator hide_on_tablets hide_on_mobiles size_custom\" style=\"height:30px\"><\/div><div class=\"w-text us_custom_09d4d2ec\"><span class=\"w-text-h\"><span class=\"w-text-value\">PROJECTES A MIDA PER A PROFESSIONALS<\/span><\/span><\/div><div class=\"w-separator size_small\"><\/div><div class=\"wpb_text_column us_custom_53a2dc97\"><div class=\"wpb_wrapper\"><p><span style=\"font-weight: 400;\">Col\u00b7laborem estretament amb arquitectes, interioristes i promotores, facilitant un servei exclusiu per a la planificaci\u00f3 i l&#8217;execuci\u00f3 de projectes d&#8217;interiorisme. A m\u00e9s de l&#8217;acc\u00e9s a mobiliari de gamma alta, proporcionem assessorament t\u00e8cnic i log\u00edstic, garantint una integraci\u00f3 perfecta de les nostres peces en qualsevol espai. <\/span><\/p>\n<\/div><\/div><\/div><\/div><\/div><\/div><\/section><section class=\"l-section wpb_row us_custom_524b9e0f height_auto\"><div class=\"l-section-h i-cf\"><div class=\"g-cols vc_row via_grid cols_2 laptops-cols_inherit tablets-cols_inherit mobiles-cols_1 valign_top type_default stacking_default\"><div class=\"wpb_column vc_column_container\"><div class=\"vc_column-inner\"><div class=\"w-image align_none\"><div class=\"w-image-h\"><img decoding=\"async\" width=\"1024\" height=\"683\" src=\"https:\/\/www.corsobori.com\/wp-content\/uploads\/2025\/02\/Servicios-4-1024x683.jpg\" class=\"attachment-large size-large\" alt=\"\" loading=\"lazy\" srcset=\"https:\/\/www.corsobori.com\/wp-content\/uploads\/2025\/02\/Servicios-4-1024x683.jpg 1024w, https:\/\/www.corsobori.com\/wp-content\/uploads\/2025\/02\/Servicios-4-300x200.jpg 300w, https:\/\/www.corsobori.com\/wp-content\/uploads\/2025\/02\/Servicios-4-600x400.jpg 600w, https:\/\/www.corsobori.com\/wp-content\/uploads\/2025\/02\/Servicios-4.jpg 1500w\" sizes=\"auto, (max-width: 1024px) 100vw, 1024px\" \/><\/div><\/div><\/div><\/div><div class=\"wpb_column vc_column_container\"><div class=\"vc_column-inner\"><div class=\"w-separator hide_on_tablets hide_on_mobiles size_custom\" style=\"height:30px\"><\/div><div class=\"w-text us_custom_09d4d2ec\"><span class=\"w-text-h\"><span class=\"w-text-value\">LOG\u00cdSTICA I MUNTATGE ESPECIALITZAT<\/span><\/span><\/div><div class=\"w-separator size_small\"><\/div><div class=\"wpb_text_column us_custom_53a2dc97\"><div class=\"wpb_wrapper\"><p><span style=\"font-weight: 400;\">Ens encarreguem de la gesti\u00f3 integral del projecte, des de la selecci\u00f3 de mobiliari fins al lliurament final. El nostre equip de muntatge especialitzat garanteix una instal\u00b7laci\u00f3 impecable, cuidant cada detall perqu\u00e8 el resultat sigui fidel a la visi\u00f3 del client i als est\u00e0ndards de qualitat de Molteni&amp;C. <\/span><\/p>\n<\/div><\/div><\/div><\/div><\/div><\/div><\/section><section class=\"l-section wpb_row us_custom_04b5345d height_auto\"><div class=\"l-section-h i-cf\"><div class=\"g-cols vc_row via_grid cols_1 laptops-cols_inherit tablets-cols_inherit mobiles-cols_1 valign_top type_default stacking_default\"><div class=\"wpb_column vc_column_container\"><div class=\"vc_column-inner\"><div class=\"w-separator size_large\"><\/div><div class=\"w-text us_custom_1aa6eaee\"><span class=\"w-text-h\"><span class=\"w-text-value\">VINE A CON\u00c8IXER EL NOSTRE SHOWROOM<\/span><\/span><\/div><div class=\"w-separator size_small\"><\/div><div class=\"wpb_text_column us_custom_f88516dd\"><div class=\"wpb_wrapper\"><p><span style=\"font-weight: 400;\">Et convidem a visitar les nostres instal\u00b7lacions dins de l&#8217;horari de botiga o concertar una cita pr\u00e8via. Estarem encantats d&#8217;atendre&#8217;t, assessorar-te i ajudar-te a donar forma al teu projecte amb les millors solucions de mobiliari de disseny. <\/span><\/p>\n<\/div><\/div><div class=\"w-separator size_small\"><\/div><div class=\"w-btn-wrapper align_center\"><a class=\"w-btn us-btn-style_3\" href=\"#\"><span class=\"w-btn-label\">CONTACTA AMB NOSALTRES<\/span><\/a><\/div><div class=\"w-separator size_large\"><\/div><\/div><\/div><\/div><\/div><\/section>\n","protected":false},"excerpt":{"rendered":"ASSESSORAMENT EN INTERIORISME I SELECCI\u00d3 DE MOBILIARIA Molteni&amp;C Barcelona, \u200b\u200bajudem a particulars, arquitectes, interioristes i promotores a trobar les millors solucions en mobiliari de disseny. equip d&#8217;experts ofereix un assessorament personalitzat, assegurant que cada pe\u00e7a seleccionada encaixi amb l&#8217;est\u00e8tica, funcionalitat i necessitats de cada projecte. PERSONALITZACI\u00d3 I MATERIALS EXCLUSIUSDisposem d\u00b4una sala de mostres, un espai...","protected":false},"author":1,"featured_media":0,"parent":0,"menu_order":0,"comment_status":"closed","ping_status":"closed","template":"","meta":{"_acf_changed":false,"footnotes":""},"class_list":["post-5339","page","type-page","status-publish","hentry"],"acf":[],"yoast_head":"<!-- This site is optimized with the Yoast SEO plugin v27.2 - https:\/\/yoast.com\/product\/yoast-seo-wordpress\/ -->\n<title>Serveis - corsobori.com<\/title>\n<meta name=\"robots\" content=\"index, follow, max-snippet:-1, max-image-preview:large, max-video-preview:-1\" \/>\n<link rel=\"canonical\" href=\"https:\/\/www.corsobori.com\/ca\/serveis\/\" \/>\n<meta property=\"og:locale\" content=\"ca_ES\" \/>\n<meta property=\"og:type\" content=\"article\" \/>\n<meta property=\"og:title\" content=\"Serveis - corsobori.com\" \/>\n<meta property=\"og:url\" content=\"https:\/\/www.corsobori.com\/ca\/serveis\/\" \/>\n<meta property=\"og:site_name\" content=\"corsobori.com\" \/>\n<meta property=\"article:modified_time\" content=\"2025-04-29T10:49:32+00:00\" \/>\n<meta name=\"twitter:card\" content=\"summary_large_image\" \/>\n<meta name=\"twitter:label1\" content=\"Temps estimat de lectura\" \/>\n\t<meta name=\"twitter:data1\" content=\"6 minuts\" \/>\n<!-- \/ Yoast SEO plugin. -->","yoast_head_json":{"title":"Serveis - corsobori.com","robots":{"index":"index","follow":"follow","max-snippet":"max-snippet:-1","max-image-preview":"max-image-preview:large","max-video-preview":"max-video-preview:-1"},"canonical":"https:\/\/www.corsobori.com\/ca\/serveis\/","og_locale":"ca_ES","og_type":"article","og_title":"Serveis - corsobori.com","og_url":"https:\/\/www.corsobori.com\/ca\/serveis\/","og_site_name":"corsobori.com","article_modified_time":"2025-04-29T10:49:32+00:00","twitter_card":"summary_large_image","twitter_misc":{"Temps estimat de lectura":"6 minuts"},"schema":{"@context":"https:\/\/schema.org","@graph":[{"@type":"WebPage","@id":"https:\/\/www.corsobori.com\/ca\/serveis\/","url":"https:\/\/www.corsobori.com\/ca\/serveis\/","name":"Serveis - corsobori.com","isPartOf":{"@id":"https:\/\/www.corsobori.com\/ca\/#website"},"datePublished":"2025-02-07T13:16:31+00:00","dateModified":"2025-04-29T10:49:32+00:00","breadcrumb":{"@id":"https:\/\/www.corsobori.com\/ca\/serveis\/#breadcrumb"},"inLanguage":"ca","potentialAction":[{"@type":"ReadAction","target":["https:\/\/www.corsobori.com\/ca\/serveis\/"]}]},{"@type":"BreadcrumbList","@id":"https:\/\/www.corsobori.com\/ca\/serveis\/#breadcrumb","itemListElement":[{"@type":"ListItem","position":1,"name":"Portada","item":"https:\/\/www.corsobori.com\/ca\/inici\/"},{"@type":"ListItem","position":2,"name":"Serveis"}]},{"@type":"WebSite","@id":"https:\/\/www.corsobori.com\/ca\/#website","url":"https:\/\/www.corsobori.com\/ca\/","name":"Corsobori","description":"","publisher":{"@id":"https:\/\/www.corsobori.com\/ca\/#organization"},"potentialAction":[{"@type":"SearchAction","target":{"@type":"EntryPoint","urlTemplate":"https:\/\/www.corsobori.com\/ca\/?s={search_term_string}"},"query-input":{"@type":"PropertyValueSpecification","valueRequired":true,"valueName":"search_term_string"}}],"inLanguage":"ca"},{"@type":"Organization","@id":"https:\/\/www.corsobori.com\/ca\/#organization","name":"Corsobori","url":"https:\/\/www.corsobori.com\/ca\/","logo":{"@type":"ImageObject","inLanguage":"ca","@id":"https:\/\/www.corsobori.com\/ca\/#\/schema\/logo\/image\/","url":"https:\/\/www.corsobori.com\/wp-content\/uploads\/2024\/08\/logo-corsobori.png","contentUrl":"https:\/\/www.corsobori.com\/wp-content\/uploads\/2024\/08\/logo-corsobori.png","width":1210,"height":146,"caption":"Corsobori"},"image":{"@id":"https:\/\/www.corsobori.com\/ca\/#\/schema\/logo\/image\/"}}]}},"_links":{"self":[{"href":"https:\/\/www.corsobori.com\/ca\/wp-json\/wp\/v2\/pages\/5339","targetHints":{"allow":["GET"]}}],"collection":[{"href":"https:\/\/www.corsobori.com\/ca\/wp-json\/wp\/v2\/pages"}],"about":[{"href":"https:\/\/www.corsobori.com\/ca\/wp-json\/wp\/v2\/types\/page"}],"author":[{"embeddable":true,"href":"https:\/\/www.corsobori.com\/ca\/wp-json\/wp\/v2\/users\/1"}],"replies":[{"embeddable":true,"href":"https:\/\/www.corsobori.com\/ca\/wp-json\/wp\/v2\/comments?post=5339"}],"version-history":[{"count":4,"href":"https:\/\/www.corsobori.com\/ca\/wp-json\/wp\/v2\/pages\/5339\/revisions"}],"predecessor-version":[{"id":5476,"href":"https:\/\/www.corsobori.com\/ca\/wp-json\/wp\/v2\/pages\/5339\/revisions\/5476"}],"wp:attachment":[{"href":"https:\/\/www.corsobori.com\/ca\/wp-json\/wp\/v2\/media?parent=5339"}],"curies":[{"name":"wp","href":"https:\/\/api.w.org\/{rel}","templated":true}]}}